  {"id":19698,"date":"2019-08-04T21:40:17","date_gmt":"2019-08-04T21:40:17","guid":{"rendered":"https:\/\/vitacig.eu.com\/?page_id=19698"},"modified":"2022-06-11T10:54:19","modified_gmt":"2022-06-11T09:54:19","slug":"disclaimer","status":"publish","type":"page","link":"https:\/\/vitacig.eu.com\/cs\/disclaimer\/","title":{"rendered":"Odm\u00edtnut\u00ed odpov\u011bdnosti"},"content":{"rendered":"<div class=\"vc_custom_1777138450117\"><div class=\"wrapper\"><div class=\"row\"><div class=\"col-sm-2\"><\/div><div class=\"col-sm-8\">\n\t<div class=\"wpb_text_column wpb_content_element vc_custom_1654941261773\" >\n\t\t<div class=\"wpb_wrapper\">\n\t\t\t<p>At the time of accessing our Website you have to confirm that you are at least the age of majority in your state of residence. By using the Website, you represent that you are at least the age of majority in your state of residence too.<\/p>\n<p>If you are below the age of majority, you can not access nor use the Website. You are responsible for bringing these Terms to the attention of anyone who may read material on this Website as a result of your access to it.<\/p>\n<p>Texts and illustrations of this Website and all its individual items are subject to copyright and other intellectual property rights of its respective right holder(s). All copyrights and similar rights in the content of the Website are reserved see Terms and Conditions.<\/p>\n<p>You are permitted to access the Website for the purposes only of your personal use. You may download and store data on your hard disk for your personal use only.<\/p>\n<p>All information and data on the Website are provided for informational purposes only, and<\/p>\n<p>information on the Website may be changed and\/or updated without notice. The use of information on the Website is at the recipient&#8217;s own risk.<\/p>\n<p>VitaCig\u00ae products are not intended to diagnose, treat, cure or prevent any disease or condition. VitaCig\u00ae products are not to be used as remedies, vitamin or dietary supplements.<\/p>\n<p>If you have a health condition or concern, consult your health care provider. Always consult a physician before using any new product, including VitaCig\u00ae personal aromatherapy devices.<\/p>\n<p>By purchasing VitaCig\u00ae products from\u00a0<a href=\"http:\/\/vitacig.eu.com\/cs\/\">vitacig.eu.com<\/a>, you acknowledge that you understand these user requirements. Vitabo s.r.o. takes no liability for misuse of our Products, nor for your reliance on the information on our partners\u2019 websites.<\/p>\n<p>Should you have any questions, please do not hesitate to contact us via the contact form or via email\u00a0<a href=\"mailto:info@vitacig.eu.com\" target=\"_blank\" rel=\"noopener noreferrer\">info@vitacig.eu.com<\/a>.<\/p>\n\n\t\t<\/div>\n\t<\/div>\n<\/div><div class=\"col-sm-2\"><\/div><\/div><\/div><\/div>","protected":false},"excerpt":{"rendered":"At the time of accessing our Website you have to confirm that you are at least the age of majority...","protected":false},"author":6940,"featured_media":0,"parent":0,"menu_order":0,"comment_status":"closed","ping_status":"closed","template":"","meta":{"_acf_changed":false,"inline_featured_image":false,"footnotes":""},"class_list":["post-19698","page","type-page","status-publish","hentry"],"acf":[],"_links":{"self":[{"href":"https:\/\/vitacig.eu.com\/cs\/wp-json\/wp\/v2\/pages\/19698","targetHints":{"allow":["GET"]}}],"collection":[{"href":"https:\/\/vitacig.eu.com\/cs\/wp-json\/wp\/v2\/pages"}],"about":[{"href":"https:\/\/vitacig.eu.com\/cs\/wp-json\/wp\/v2\/types\/page"}],"author":[{"embeddable":true,"href":"https:\/\/vitacig.eu.com\/cs\/wp-json\/wp\/v2\/users\/6940"}],"replies":[{"embeddable":true,"href":"https:\/\/vitacig.eu.com\/cs\/wp-json\/wp\/v2\/comments?post=19698"}],"version-history":[{"count":0,"href":"https:\/\/vitacig.eu.com\/cs\/wp-json\/wp\/v2\/pages\/19698\/revisions"}],"wp:attachment":[{"href":"https:\/\/vitacig.eu.com\/cs\/wp-json\/wp\/v2\/media?parent=19698"}],"curies":[{"name":"wp","href":"https:\/\/api.w.org\/{rel}","templated":true}]}}