  {"id":14347,"date":"2016-05-03T05:00:28","date_gmt":"2016-05-03T04:00:28","guid":{"rendered":"https:\/\/vitacig.eu.com\/product\/vitacig-excalibur-marvelous-mint-capsules\/"},"modified":"2026-03-21T18:01:47","modified_gmt":"2026-03-21T17:01:47","slug":"marvelous-mint-capsules","status":"publish","type":"product","link":"https:\/\/vitacig.eu.com\/cs\/produkt\/marvelous-mint-capsules\/","title":{"rendered":"Marvelous Mint Capsules"},"content":{"rendered":"<div class=\"wpb-content-wrapper\"><div class=\"vc_custom_1777133553669\"><div class=\"wrapper\"><div class=\"row\"><div class=\"col-sm-7\">\n\t<div class=\"wpb_text_column wpb_content_element\" >\n\t\t<div class=\"wpb_wrapper\">\n\t\t\t<p class=\"par\">VitaCig<sup>\u00ae<\/sup>\u00a0<strong>Marvelous Mint<\/strong>\u00a0Excalibur Capsules deliver a refreshing and invigorating flavour sensation all day long. You don\u2019t need chewing gum for breath freshener, because you have VitaCig<sup>\u00ae<\/sup>\u00a0Marvelous Mint capsules to vape on. Fresh mint and menthol flavours give you a long-lasting fresh feeling!<\/p>\n<p class=\"par\">Each of 5 Excalibur White Capsules contains:<\/p>\n<p class=\"par\"><strong>Ingredients:<\/strong>\u00a0Vitamin A, Vitamin B2, Vitamin B6, Vitamin B12, Peppermint Oil, Spearmint Oil, Menthol, Linalool, MaxVG, Distilled Water.<\/p>\n<p class=\"par\">NO NICOTINE &amp; TOBACCO FREE<\/p>\n<p class=\"par\"><strong>Instructions:<\/strong>\u00a0Simply attach a capsule to the fully charged VitaCig<sup>\u00ae<\/sup>\u00a0Excalibur unit, screw on, tighten and take in an instant pleasure. Replace capsule after 300-400 puffs.<\/p>\n<p class=\"par\">Breathe in through your mouth without necessarily letting it get into the lungs, and exhale through your nose.<\/p>\n<p class=\"par\"><strong>How to store:<\/strong>\u00a0We advise to keep your VitaCig Excalibur Aroma Inhaler and capsules out of direct sunlight and away from heat and moisture, because it can significantly affect the battery life and performance.<\/p>\n<p class=\"par\">We also recommend that you always use silicone end caps when you are not using the inhaler. This will prevent fluid evaporation and depletion.<\/p>\n\n\t\t<\/div>\n\t<\/div>\n<div class=\"vc_disclaimer\"><h4>Warning<\/h4><p class=\"par\">Please note, if the unit does not produce water vapours anymore, it is empty. Discard, and put on a new capsule. Do not continue to use, and do not attempt to refill the capsule.<\/p><p class=\"par\">If you taste or smell a slight burnt smell, this means the capsule is finished and dead. Immediately replace it with a new capsule. Do not continue to use. By purchasing this product, you acknowledge that you understand these user requirements.<\/p><\/div><div class=\"vc_disclaimer\"><h4>Important<\/h4><p class=\"par\">VitaCig&copy; Excalibur Capsules are not to be used as remedies, they are not intended to cure or treat any disease or condition. If you are experiencing any side effects or possible side effects, stop using the product immediately and consult your GP. You agree to indemnify us for any adverse effects that may arise from improper handling and\/or consumption of this product.<\/p><p class=\"par\">Keep out of reach of children and pets. Avoid VitaCig devices if you suffer from asthma or allergies. Do not use if you are pregnant or breastfeeding.<\/p><\/div><\/div><div class=\"col-sm-5\">    <div class=\"single_product_ingridients\">\n                      <div class=\"single_product_ingridient ingr_sm_4\">\n          <div class=\"single_product_ingridient__top\">\n            <img loading=\"lazy\" decoding=\"async\" width=\"100\" height=\"100\" src=\"https:\/\/i0.wp.com\/vitacig.eu.com\/wp-content\/uploads\/2019\/07\/product-ingredients-mint.jpg?fit=100%2C100&amp;ssl=1\" class=\"attachment-full size-full wp-post-image\" alt=\"\" srcset=\"https:\/\/i0.wp.com\/vitacig.eu.com\/wp-content\/uploads\/2019\/07\/product-ingredients-mint.jpg?w=100&amp;ssl=1 100w, https:\/\/i0.wp.com\/vitacig.eu.com\/wp-content\/uploads\/2019\/07\/product-ingredients-mint.jpg?resize=32%2C32&amp;ssl=1 32w\" sizes=\"auto, (max-width: 100px) 100vw, 100px\" \/>            <div class=\"single_product_ingridient__top_title\">\n              <h3>Spearmint<\/h3>\n\n                              <h4>(Mentha spicata)<\/h4>\n                          <\/div>\n          <\/div>\n          <div class=\"single_product_ingridient__content\">\n          Spearmint Oil is similar to peppermint oil. It has a pleasant minty aroma and refreshing characteristics like peppermint. However, in contrast to peppermint, the cooling after-effect is absent in spearmint. The fresh scent of Spearmint Oil can help revitalize you when you are feeling stressed, tired or nervous.                    <\/div>\n        <\/div>\n                      <div class=\"single_product_ingridient ingr_sm_4\">\n          <div class=\"single_product_ingridient__top\">\n            <img loading=\"lazy\" decoding=\"async\" width=\"100\" height=\"100\" src=\"https:\/\/i0.wp.com\/vitacig.eu.com\/wp-content\/uploads\/2019\/07\/product-ingredients-eucalyptus.jpg?fit=100%2C100&amp;ssl=1\" class=\"attachment-full size-full wp-post-image\" alt=\"\" srcset=\"https:\/\/i0.wp.com\/vitacig.eu.com\/wp-content\/uploads\/2019\/07\/product-ingredients-eucalyptus.jpg?w=100&amp;ssl=1 100w, https:\/\/i0.wp.com\/vitacig.eu.com\/wp-content\/uploads\/2019\/07\/product-ingredients-eucalyptus.jpg?resize=32%2C32&amp;ssl=1 32w\" sizes=\"auto, (max-width: 100px) 100vw, 100px\" \/>            <div class=\"single_product_ingridient__top_title\">\n              <h3>Eucalyptus<\/h3>\n\n                              <h4>(Eucalyptus globulus)<\/h4>\n                          <\/div>\n          <\/div>\n          <div class=\"single_product_ingridient__content\">\n          Eucalyptus Essential Oil, distilled from the Australian Native Eucalyptus globulus tree, boasts a long list of traditional uses. The Oil is warming and antiseptic, with strong, woody aroma, one of the calming oils that can be used to promote soothing, grounding, or rejuvenating emotions, lessens feelings of tension and promotes relaxation.                    <\/div>\n        <\/div>\n                      <div class=\"single_product_ingridient ingr_sm_4\">\n          <div class=\"single_product_ingridient__top\">\n            <img loading=\"lazy\" decoding=\"async\" width=\"100\" height=\"100\" src=\"https:\/\/i0.wp.com\/vitacig.eu.com\/wp-content\/uploads\/2019\/07\/product-ingredients-mint.jpg?fit=100%2C100&amp;ssl=1\" class=\"attachment-full size-full wp-post-image\" alt=\"\" srcset=\"https:\/\/i0.wp.com\/vitacig.eu.com\/wp-content\/uploads\/2019\/07\/product-ingredients-mint.jpg?w=100&amp;ssl=1 100w, https:\/\/i0.wp.com\/vitacig.eu.com\/wp-content\/uploads\/2019\/07\/product-ingredients-mint.jpg?resize=32%2C32&amp;ssl=1 32w\" sizes=\"auto, (max-width: 100px) 100vw, 100px\" \/>            <div class=\"single_product_ingridient__top_title\">\n              <h3>Peppermint<\/h3>\n\n                              <h4>(Mentha piperita)<\/h4>\n                          <\/div>\n          <\/div>\n          <div class=\"single_product_ingridient__content\">\n          This herb is a hybrid of Water Mint (Mentha aquatica) and Spearmint (Mentha spicata). The Peppermint essential oil is extracted from the flowering herb, has a refreshing, herby, strongly menthol aroma with a sweet-smelling undertone. Peppermint oil can be used for an invigorating energy boost.                    <\/div>\n        <\/div>\n          <\/div>\n    <\/div><\/div><\/div><\/div><div data-vc-full-width=\"true\" data-vc-full-width-init=\"false\" data-vc-stretch-content=\"true\" class=\"vc_custom_1777133554410\"><div class=\"row\"><div class=\"col-sm-12\">\n\t<div class=\"wpb_text_column wpb_content_element\" >\n\t\t<div class=\"wpb_wrapper\">\n\t\t\t<div class=\"wow fadeIn vc_custom_1597753149306\"><div class=\"wrapper\"><div class=\"vc_custom_1597738604103 vc_row-o-content-middle row\"><div class=\"order-1 order-md-0 d-flex align-items-center col-sm-5 col-lg-5 col-md-12 col-xs-12 vc_col-has-fill vc_custom_1597753158005\">\n\t<div class=\"wpb_text_column wpb_content_element\" >\n\t\t<div class=\"wpb_wrapper\">\n\t\t\t<h3 class=\"translation-block\">Prozkoumejte VitaCig<sup>\u00ae<\/sup> Excalibur<\/h3>\n<p class=\"par translation-block\">Dob\u00edjec\u00ed kapslov\u00fd syst\u00e9m VitaCig<sup>\u00ae<\/sup> Excalibur je ur\u010den pro ty, kte\u0159\u00ed si zamilovali sm\u011bsi VitaCig Classic a S-Edition. Kolekci Excalibur p\u0159edstavuje sada aroma inhal\u00e1tor\u016f Excalibur a vym\u011bniteln\u00e9 kapsle Classic a S-Edition. V souladu s inovacemi a pohodl\u00edm je syst\u00e9m n\u00e1dr\u017ekov\u00fdch kapsl\u00ed Excalibur p\u0159edem napln\u011bn, nevznik\u00e1 \u017e\u00e1dn\u00fd nepo\u0159\u00e1dek ani odpad.<\/p>\n\n\t\t<\/div>\n\t<\/div>\n<\/div><div class=\"order-0 order-md-1 col-sm-7 col-lg-7 col-md-12 col-xs-12 vc_custom_1597738397223\">\n\t<div  class=\"wpb_single_image wpb_content_element vc_align_right wpb_content_element\">\n\t\t\n\t\t<figure class=\"wpb_wrapper vc_figure\">\n\t\t\t<div class=\"vc_single_image-wrapper   vc_box_border_grey\"><img loading=\"lazy\" decoding=\"async\" width=\"1000\" height=\"520\" src=\"https:\/\/i0.wp.com\/vitacig.eu.com\/wp-content\/uploads\/2020\/08\/vitacig-eu-excalibur-kit-components-xl.jpg?fit=1000%2C520&amp;ssl=1\" class=\"vc_single_image-img attachment-full\" alt=\"\" title=\"vitacig-eu-excalibur-kit-components-xl\" srcset=\"https:\/\/i0.wp.com\/vitacig.eu.com\/wp-content\/uploads\/2020\/08\/vitacig-eu-excalibur-kit-components-xl.jpg?w=1000&amp;ssl=1 1000w, https:\/\/i0.wp.com\/vitacig.eu.com\/wp-content\/uploads\/2020\/08\/vitacig-eu-excalibur-kit-components-xl.jpg?resize=300%2C156&amp;ssl=1 300w, https:\/\/i0.wp.com\/vitacig.eu.com\/wp-content\/uploads\/2020\/08\/vitacig-eu-excalibur-kit-components-xl.jpg?resize=500%2C260&amp;ssl=1 500w, https:\/\/i0.wp.com\/vitacig.eu.com\/wp-content\/uploads\/2020\/08\/vitacig-eu-excalibur-kit-components-xl.jpg?resize=768%2C399&amp;ssl=1 768w\" sizes=\"auto, (max-width: 1000px) 100vw, 1000px\" \/><\/div>\n\t\t<\/figure>\n\t<\/div>\n<\/div><\/div><div class=\"vc_custom_1597738822323 vc_row-o-content-middle row\"><div class=\"col-sm-7 col-lg-7 col-md-12 col-xs-12 vc_custom_1597738429373\">\n\t<div  class=\"wpb_single_image wpb_content_element vc_align_right wpb_content_element\">\n\t\t\n\t\t<figure class=\"wpb_wrapper vc_figure\">\n\t\t\t<div class=\"vc_single_image-wrapper   vc_box_border_grey\"><img loading=\"lazy\" decoding=\"async\" width=\"1000\" height=\"550\" src=\"https:\/\/i0.wp.com\/vitacig.eu.com\/wp-content\/uploads\/2020\/08\/vitacig-eu-how-to-use-vitacig-excalibur-capsules-xl.jpg?fit=1000%2C550&amp;ssl=1\" class=\"vc_single_image-img attachment-full\" alt=\"\" title=\"vitacig-eu-how-to-use-vitacig-excalibur-capsules-xl\" srcset=\"https:\/\/i0.wp.com\/vitacig.eu.com\/wp-content\/uploads\/2020\/08\/vitacig-eu-how-to-use-vitacig-excalibur-capsules-xl.jpg?w=1000&amp;ssl=1 1000w, https:\/\/i0.wp.com\/vitacig.eu.com\/wp-content\/uploads\/2020\/08\/vitacig-eu-how-to-use-vitacig-excalibur-capsules-xl.jpg?resize=300%2C165&amp;ssl=1 300w, https:\/\/i0.wp.com\/vitacig.eu.com\/wp-content\/uploads\/2020\/08\/vitacig-eu-how-to-use-vitacig-excalibur-capsules-xl.jpg?resize=500%2C275&amp;ssl=1 500w, https:\/\/i0.wp.com\/vitacig.eu.com\/wp-content\/uploads\/2020\/08\/vitacig-eu-how-to-use-vitacig-excalibur-capsules-xl.jpg?resize=768%2C422&amp;ssl=1 768w\" sizes=\"auto, (max-width: 1000px) 100vw, 1000px\" \/><\/div>\n\t\t<\/figure>\n\t<\/div>\n<\/div><div class=\"d-flex align-items-center col-sm-5 col-lg-5 col-md-12 col-xs-12 vc_col-has-fill vc_custom_1597753165094\">\n\t<div class=\"wpb_text_column wpb_content_element\" >\n\t\t<div class=\"wpb_wrapper\">\n\t\t\t<h3 class=\"translation-block\">Jak pou\u017e\u00edvat VitaCig<sup>\u00ae<\/sup> Excalibur Kit<\/h3>\n<p class=\"par translation-block\">Jednodu\u0161e p\u0159ipojte kapsli k pln\u011b nabit\u00e9 jednotce VitaCig<sup>\u00ae<\/sup> Excalibur, na\u0161roubujte, ut\u00e1hn\u011bte a u\u017e\u00edvejte si okam\u017eit\u00fd po\u017eitek. Kapsli vym\u011b\u0148te po 300 a\u017e 400 vdechnut\u00edch.<\/p>\n<p class=\"par translation-block\">VitaCig<sup>\u00ae<\/sup> Excalibur Aroma Inhaler je pln\u011b dob\u00edjec\u00ed za\u0159\u00edzen\u00ed. Vyjm\u011bte kapsli a na\u0161roubujte USB nab\u00edje\u010dku. Nab\u00edjejte p\u0159es notebook nebo s\u00ed\u0165ov\u00fd adapt\u00e9r. Pln\u00e9 nabit\u00ed p\u0159\u00edstroje trv\u00e1 p\u0159ibli\u017en\u011b 2,5 hodiny.<\/p>\n\n\t\t<\/div>\n\t<\/div>\n<\/div><\/div><\/div><\/div><style type=\"text\/css\" data-type=\"vc_shortcodes-custom-css\">.vc_custom_1597753149306{margin-top: 40px !important;margin-bottom: 40px !important;background-color: #fafafa !important;}.vc_custom_1597738604103{padding-top: 30px !important;padding-bottom: 30px !important;}.vc_custom_1597738822323{padding-top: 30px !important;padding-bottom: 30px !important;}.vc_custom_1597753158005{padding-top: 30px !important;padding-right: 30px !important;padding-bottom: 30px !important;padding-left: 30px !important;background-color: #ffffff !important;}.vc_custom_1597738397223{padding-top: 0px !important;padding-right: 0px !important;padding-bottom: 0px !important;padding-left: 0px !important;}.vc_custom_1597738429373{padding-top: 0px !important;padding-right: 0px !important;padding-bottom: 0px !important;padding-left: 0px !important;}.vc_custom_1597753165094{padding-top: 30px !important;padding-right: 30px !important;padding-bottom: 30px !important;padding-left: 30px !important;background-color: #ffffff !important;}<\/style>\n\n\t\t<\/div>\n\t<\/div>\n<\/div><\/div><\/div><div class=\"vc_row-full-width vc_clearfix\"><\/div><div data-vc-full-width=\"true\" data-vc-full-width-init=\"false\" data-vc-stretch-content=\"true\" class=\"vc_custom_1777133554507\"><div class=\"row\"><div class=\"col-sm-12\"><\/div><\/div><\/div><div class=\"vc_row-full-width vc_clearfix\"><\/div><div class=\"vc_custom_1597754544742\"><div class=\"wrapper\"><div class=\"row\"><div class=\"col-sm-12\">    <div class=\"shortcode_faq shortcode_faq_col_two\">\n              <span class=\"top_circle\" style=\"background: #004765;\"><\/span>\n        <span class=\"center_border\" style=\"background: #004765;\"><\/span>\n        <span class=\"bottom_circle\" style=\"background: #004765;\"><\/span>\n      \n                        <div class=\"shortcode_faq_col\">\n        \n          \n            <div class=\"shortcode_faq_item\">\n              <div class=\"shortcode_faq_item__wrapper\">\n                <div class=\"shortcode_faq_item__question\">\n                  Jak zjist\u00edm, \u017ee byla moje objedn\u00e1vka odesl\u00e1na?                  <div class=\"shortcode_faq_item__arrow\">\n                    <svg version=\"1.1\" xmlns=\"http:\/\/www.w3.org\/2000\/svg\" xmlns:xlink=\"http:\/\/www.w3.org\/1999\/xlink\" x=\"0px\" y=\"0px\" viewbox=\"0 0 1000 1000\" enable-background=\"new 0 0 1000 1000\" xml:space=\"preserve\"><g><path d=\"M876.9,198.5L990,311.5l-490,490l-490-490l113.1-113.1L500,575.4L876.9,198.5z\"\/><\/g><\/svg>\n                  <\/div>\n                <\/div>\n                <div class=\"shortcode_faq_item__answer\">\n                  Po odesl\u00e1n\u00ed objedn\u00e1vky obdr\u017e\u00edte potvrzovac\u00ed e-mail se sledovac\u00edm k\u00f3dem.                <\/div>\n              <\/div>\n            <\/div>\n\n          \n            <div class=\"shortcode_faq_item\">\n              <div class=\"shortcode_faq_item__wrapper\">\n                <div class=\"shortcode_faq_item__question\">\n                  Chci zm\u011bnit svou dodac\u00ed adresu                  <div class=\"shortcode_faq_item__arrow\">\n                    <svg version=\"1.1\" xmlns=\"http:\/\/www.w3.org\/2000\/svg\" xmlns:xlink=\"http:\/\/www.w3.org\/1999\/xlink\" x=\"0px\" y=\"0px\" viewbox=\"0 0 1000 1000\" enable-background=\"new 0 0 1000 1000\" xml:space=\"preserve\"><g><path d=\"M876.9,198.5L990,311.5l-490,490l-490-490l113.1-113.1L500,575.4L876.9,198.5z\"\/><\/g><\/svg>\n                  <\/div>\n                <\/div>\n                <div class=\"shortcode_faq_item__answer\">\n                  <p class=\"par translation-block\">Pokud jste pr\u00e1v\u011b zadali objedn\u00e1vku a chcete zm\u011bnit adresu, pros\u00edm, <a href=\"https:\/\/vitacig.eu.com\/cs\/contact-us\/\" target=\"_self\">kontaktujte n\u00e1s<\/a> co nejd\u0159\u00edve a my v\u00e1m mo\u017en\u00e1 pom\u016f\u017eeme.<\/p>\r\n<p class=\"par\">Kontaktujte n\u00e1s pros\u00edm s \u010d\u00edslem objedn\u00e1vky a novou dodac\u00ed adresou a my se budeme sna\u017eit objedn\u00e1vku p\u0159ed odesl\u00e1n\u00edm zm\u011bnit.<\/p>\r\n<p class=\"par\">Pokud jste ji\u017e obdr\u017eeli e-mailov\u00e9 ozn\u00e1men\u00ed o odesl\u00e1n\u00ed, je bohu\u017eel na zm\u011bnu adresy ji\u017e pozd\u011b. V takov\u00fdch p\u0159\u00edpadech nem\u016f\u017eeme podniknout \u017e\u00e1dn\u00e9 kroky, dokud se n\u00e1m z\u00e1silka nevr\u00e1t\u00ed. Jakmile obdr\u017e\u00edme objedn\u00e1vku zp\u011bt, m\u016f\u017eeme zajistit odesl\u00e1n\u00ed na novou adresu.<\/p>                <\/div>\n              <\/div>\n            <\/div>\n\n                            <\/div>\n                                <div class=\"shortcode_faq_col\">\n        \n          \n            <div class=\"shortcode_faq_item\">\n              <div class=\"shortcode_faq_item__wrapper\">\n                <div class=\"shortcode_faq_item__question\">\n                  Moje polo\u017eka dorazila rozbit\u00e1\/po\u0161kozen\u00e1. Co m\u00e1m d\u011blat?                  <div class=\"shortcode_faq_item__arrow\">\n                    <svg version=\"1.1\" xmlns=\"http:\/\/www.w3.org\/2000\/svg\" xmlns:xlink=\"http:\/\/www.w3.org\/1999\/xlink\" x=\"0px\" y=\"0px\" viewbox=\"0 0 1000 1000\" enable-background=\"new 0 0 1000 1000\" xml:space=\"preserve\"><g><path d=\"M876.9,198.5L990,311.5l-490,490l-490-490l113.1-113.1L500,575.4L876.9,198.5z\"\/><\/g><\/svg>\n                  <\/div>\n                <\/div>\n                <div class=\"shortcode_faq_item__answer translation-block\">Pokud v\u00e1m zbo\u017e\u00ed doraz\u00ed po\u0161kozen\u00e9, neprodlen\u011b n\u00e1s kontaktujte prost\u0159ednictv\u00edm <a href=\"https:\/\/vitacig.eu.com\/cs\/contact-us\/\" target=\"_self\">Str\u00e1nky Kontaktujte n\u00e1s<\/a>. Pokud n\u00e1m do 14 dn\u016f od doru\u010den\u00ed neozn\u00e1m\u00edte, \u017ee je v\u00fdrobek po\u0161kozen\u00fd, nemus\u00edme v\u00e1m b\u00fdt schopni pomoci.<\/div>\n              <\/div>\n            <\/div>\n\n          \n            <div class=\"shortcode_faq_item\">\n              <div class=\"shortcode_faq_item__wrapper\">\n                <div class=\"shortcode_faq_item__question\">\n                  Nab\u00edz\u00edte bezplatnou p\u0159epravu?                  <div class=\"shortcode_faq_item__arrow\">\n                    <svg version=\"1.1\" xmlns=\"http:\/\/www.w3.org\/2000\/svg\" xmlns:xlink=\"http:\/\/www.w3.org\/1999\/xlink\" x=\"0px\" y=\"0px\" viewbox=\"0 0 1000 1000\" enable-background=\"new 0 0 1000 1000\" xml:space=\"preserve\"><g><path d=\"M876.9,198.5L990,311.5l-490,490l-490-490l113.1-113.1L500,575.4L876.9,198.5z\"\/><\/g><\/svg>\n                  <\/div>\n                <\/div>\n                <div class=\"shortcode_faq_item__answer\">\n                  Nab\u00edz\u00edme bezplatnou evropskou doru\u010dovac\u00ed slu\u017ebu na v\u0161echny objedn\u00e1vky nad 100 EUR.                <\/div>\n              <\/div>\n            <\/div>\n\n                            <\/div>\n              \n    <\/div>\n    <\/div><\/div><\/div><\/div><\/div>","protected":false},"excerpt":{"rendered":"VitaCig\u00ae\u00a0Marvelous Mint\u00a0Capsules deliver a refreshing and invigorating flavor sensation all day long. You don\u2019t need chewing gum for breath freshener, because you have a VitaCig\u00ae Marvelous Mint to vape on. Fresh Mint and Menthol flavors gives you a long-lasting fresh feeling!","protected":false},"featured_media":21416,"template":"","meta":{"_acf_changed":false,"inline_featured_image":false},"product_brand":[],"product_cat":[100],"product_tag":[],"class_list":{"0":"post-14347","1":"product","2":"type-product","3":"status-publish","4":"has-post-thumbnail","6":"product_cat-excalibur","8":"first","9":"outofstock","10":"taxable","11":"shipping-taxable","12":"purchasable","13":"product-type-simple"},"bundled_by":[],"bundle_stock_status":"outofstock","bundle_stock_quantity":null,"bundle_virtual":false,"bundle_layout":"","bundle_add_to_cart_form_location":"","bundle_editable_in_cart":false,"bundle_sold_individually_context":"","bundle_item_grouping":"","bundle_min_size":"","bundle_max_size":"","bundle_price":[],"bundled_items":[],"bundle_sell_ids":[],"acf":[],"_links":{"self":[{"href":"https:\/\/vitacig.eu.com\/cs\/wp-json\/wp\/v2\/product\/14347","targetHints":{"allow":["GET"]}}],"collection":[{"href":"https:\/\/vitacig.eu.com\/cs\/wp-json\/wp\/v2\/product"}],"about":[{"href":"https:\/\/vitacig.eu.com\/cs\/wp-json\/wp\/v2\/types\/product"}],"wp:featuredmedia":[{"embeddable":true,"href":"https:\/\/vitacig.eu.com\/cs\/wp-json\/wp\/v2\/media\/21416"}],"wp:attachment":[{"href":"https:\/\/vitacig.eu.com\/cs\/wp-json\/wp\/v2\/media?parent=14347"}],"wp:term":[{"taxonomy":"product_brand","embeddable":true,"href":"https:\/\/vitacig.eu.com\/cs\/wp-json\/wp\/v2\/product_brand?post=14347"},{"taxonomy":"product_cat","embeddable":true,"href":"https:\/\/vitacig.eu.com\/cs\/wp-json\/wp\/v2\/product_cat?post=14347"},{"taxonomy":"product_tag","embeddable":true,"href":"https:\/\/vitacig.eu.com\/cs\/wp-json\/wp\/v2\/product_tag?post=14347"}],"curies":[{"name":"wp","href":"https:\/\/api.w.org\/{rel}","templated":true}]}}