  {"id":14765,"date":"2016-05-03T13:00:20","date_gmt":"2016-05-03T12:00:20","guid":{"rendered":"https:\/\/vitacig.eu.com\/?post_type=product&#038;p=14765"},"modified":"2026-03-21T18:01:47","modified_gmt":"2026-03-21T17:01:47","slug":"slim","status":"publish","type":"product","link":"https:\/\/vitacig.eu.com\/cs\/produkt\/slim\/","title":{"rendered":"Slim"},"content":{"rendered":"<div class=\"wpb-content-wrapper\"><div class=\"vc_custom_1777149062465\"><div class=\"wrapper\"><div class=\"row\"><div class=\"col-sm-7\">\n\t<div class=\"wpb_text_column wpb_content_element\" >\n\t\t<div class=\"wpb_wrapper\">\n\t\t\t<p class=\"par\">VitaCig<sup>\u00ae<\/sup> <strong>SLIM<\/strong> S-Edition Aroma Inhaler delivers a delicate taste of passion fruit, stimulates appetite suppression and a healthy metabolism. VitaCig<sup>\u00ae<\/sup> Slim aromatherapy device is for those who are trying to lose weight and at the same time maintain a wonderful mood.<\/p>\n<p class=\"par\">Breathe in through your mouth without necessarily letting it get into the lungs, and exhale through your nose.<\/p>\n<p class=\"par\">NO NICOTINE &amp; TOBACCO FREE<\/p>\n<p class=\"par\"><strong>Ingredients:<\/strong> Vitamin A, Vitamin B2, Vitamin B6, Vitamin B12, Passion Fruit, Garcinia Cambogia, Hoodia, Konjac Root, Arginine, MaxVG, Distilled Water.<\/p>\n<p class=\"par\"><strong>How to store:<\/strong>\u00a0We advise to keep your disposable VitaCig Aroma Inhaler out of direct sunlight and away from heat and moisture, because it can significantly affect the battery life and performance.<\/p>\n<p class=\"par\">We also recommend that you always use silicone end caps when you are not using the inhaler. This will prevent fluid evaporation and depletion.<\/p>\n\n\t\t<\/div>\n\t<\/div>\n<div class=\"vc_disclaimer\"><h4>Important<\/h4><p class=\"par\">VitaCig\u00ae aroma inhalers are not to be used as remedies, they are not intended to cure or treat any disease or condition. If you are experiencing any side effects or possible side effects, stop using the product immediately and consult your doctor. You agree to indemnify us for any adverse effects that may arise from improper handling and\/or consumption of this product.<\/p><p class=\"par\">Keep out of reach of children and pets. Avoid VitaCig devices if you suffer from asthma or allergies. Do not use if you are pregnant or breastfeeding.<\/p><\/div><\/div><div class=\"col-sm-5\">    <div class=\"single_product_ingridients\">\n                      <div class=\"single_product_ingridient ingr_sm_4\">\n          <div class=\"single_product_ingridient__top\">\n            <img loading=\"lazy\" decoding=\"async\" width=\"100\" height=\"100\" src=\"https:\/\/i0.wp.com\/vitacig.eu.com\/wp-content\/uploads\/2019\/07\/product-ingredients-garcinia-cambogia.jpg?fit=100%2C100&amp;ssl=1\" class=\"attachment-full size-full wp-post-image\" alt=\"\" srcset=\"https:\/\/i0.wp.com\/vitacig.eu.com\/wp-content\/uploads\/2019\/07\/product-ingredients-garcinia-cambogia.jpg?w=100&amp;ssl=1 100w, https:\/\/i0.wp.com\/vitacig.eu.com\/wp-content\/uploads\/2019\/07\/product-ingredients-garcinia-cambogia.jpg?resize=32%2C32&amp;ssl=1 32w\" sizes=\"auto, (max-width: 100px) 100vw, 100px\" \/>            <div class=\"single_product_ingridient__top_title\">\n              <h3>Garcinia Cambogia<\/h3>\n\n                              <h4>(Garcinia gummi-gutta)<\/h4>\n                          <\/div>\n          <\/div>\n          <div class=\"single_product_ingridient__content\">\n          A tropical fruit also known as the Malabar tamarind, it is native to India and Southeast Asia. The rind of the Garcinia fruit contains an active component called hydroxycitric acid (HCA), which supports normal fat and carbohydrate metabolism, healthy appetite levels and optimum body weight.                    <\/div>\n        <\/div>\n                      <div class=\"single_product_ingridient ingr_sm_4\">\n          <div class=\"single_product_ingridient__top\">\n            <img loading=\"lazy\" decoding=\"async\" width=\"100\" height=\"100\" src=\"https:\/\/i0.wp.com\/vitacig.eu.com\/wp-content\/uploads\/2019\/07\/product-ingredients-hoodia.jpg?fit=100%2C100&amp;ssl=1\" class=\"attachment-full size-full wp-post-image\" alt=\"\" srcset=\"https:\/\/i0.wp.com\/vitacig.eu.com\/wp-content\/uploads\/2019\/07\/product-ingredients-hoodia.jpg?w=100&amp;ssl=1 100w, https:\/\/i0.wp.com\/vitacig.eu.com\/wp-content\/uploads\/2019\/07\/product-ingredients-hoodia.jpg?resize=32%2C32&amp;ssl=1 32w\" sizes=\"auto, (max-width: 100px) 100vw, 100px\" \/>            <div class=\"single_product_ingridient__top_title\">\n              <h3>Hoodia<\/h3>\n\n                              <h4>(Hoodia gordonii)<\/h4>\n                          <\/div>\n          <\/div>\n          <div class=\"single_product_ingridient__content\">\n          A plant species, recognized for its ability to curb appetite. It usually grows in the Kalahari Desert in South Africa. Hoodia is used as a weight loss aid. Because of its appetite suppressing properties it actually reduces the amount of calories consumed, thus burning up the fat reserves of the body.                    <\/div>\n        <\/div>\n                      <div class=\"single_product_ingridient ingr_sm_4\">\n          <div class=\"single_product_ingridient__top\">\n            <img loading=\"lazy\" decoding=\"async\" width=\"100\" height=\"100\" src=\"https:\/\/i0.wp.com\/vitacig.eu.com\/wp-content\/uploads\/2019\/07\/product-ingredients-konjak-root.jpg?fit=100%2C100&amp;ssl=1\" class=\"attachment-full size-full wp-post-image\" alt=\"\" srcset=\"https:\/\/i0.wp.com\/vitacig.eu.com\/wp-content\/uploads\/2019\/07\/product-ingredients-konjak-root.jpg?w=100&amp;ssl=1 100w, https:\/\/i0.wp.com\/vitacig.eu.com\/wp-content\/uploads\/2019\/07\/product-ingredients-konjak-root.jpg?resize=32%2C32&amp;ssl=1 32w\" sizes=\"auto, (max-width: 100px) 100vw, 100px\" \/>            <div class=\"single_product_ingridient__top_title\">\n              <h3>Konjac Root<\/h3>\n\n                              <h4>(Amorphophallus konjac)<\/h4>\n                          <\/div>\n          <\/div>\n          <div class=\"single_product_ingridient__content\">\n          The konjac plant has a starchy root called a corm, which is high in a dietary fiber called glucomannan. This is the part of the plant that is used as a dietary supplement. Konjac has almost no calories, but is very high in fiber. The dietary fiber from the corm of konjac is used as a component of weight loss supplements. It helps to make the eater feel full faster.                    <\/div>\n        <\/div>\n          <\/div>\n    <\/div><\/div><\/div><\/div><div data-vc-full-width=\"true\" data-vc-full-width-init=\"false\" data-vc-stretch-content=\"true\" class=\"vc_custom_1777149062347\"><div class=\"row\"><div class=\"col-sm-12\">\n\t<div class=\"wpb_text_column wpb_content_element\" >\n\t\t<div class=\"wpb_wrapper\">\n\t\t\t<div id=\"vc_classic_products_after\" class=\"wow fadeIn vc_custom_1597738620731\"><div class=\"wrapper\"><div class=\"vc_custom_1597738604103 vc_row-o-content-middle row\"><div class=\"order-1 order-md-0 d-flex align-items-center col-sm-5 col-lg-5 col-md-12 col-xs-12 vc_col-has-fill vc_custom_1597738709327\">\n\t<div class=\"wpb_text_column wpb_content_element\" >\n\t\t<div class=\"wpb_wrapper\">\n\t\t\t<h3 class=\"shortcode_bsep__title translation-block\">Objevte VitaCig<sup>\u00ae<\/sup> S-Edition<\/h3>\n<p class=\"translation-block\">\u0158ada VitaCig<sup>\u00ae<\/sup> S-Edition byla vytvo\u0159ena s c\u00edlem vylep\u0161it a roz\u0161\u00ed\u0159it kolekci Classic, aby co nejv\u00edce vyhovovala va\u0161im po\u017eadavk\u016fm. V\u0161ichni pro\u017e\u00edv\u00e1me emoce ka\u017ed\u00fd den, jsou nevyhnutelnou sou\u010d\u00e1st\u00ed lidsk\u00e9ho byt\u00ed a maj\u00ed z\u00e1va\u017en\u00fd dopad na na\u0161e \u0161t\u011bst\u00ed, zdrav\u00ed a pohodu. Ka\u017ed\u00e1 z aromatick\u00fdch terapeutick\u00fdch sm\u011bs\u00ed S-Edition m\u00e1 jedine\u010dnou kombinaci vitam\u00edn\u016f, esenci\u00e1ln\u00edch olej\u016f a dal\u0161\u00edch slo\u017eek, kter\u00e9 v\u00e1m pomohou podpo\u0159it stav mysli, vyrovnat energii a hlubok\u00fd pocit pohody.<\/p>\n\n\t\t<\/div>\n\t<\/div>\n<\/div><div class=\"order-0 order-md-1 col-sm-7 col-lg-7 col-md-12 col-xs-12 vc_custom_1597738397223\">\n\t<div  class=\"wpb_single_image wpb_content_element vc_align_right wpb_content_element\">\n\t\t\n\t\t<figure class=\"wpb_wrapper vc_figure\">\n\t\t\t<div class=\"vc_single_image-wrapper   vc_box_border_grey\"><img loading=\"lazy\" decoding=\"async\" width=\"1000\" height=\"631\" src=\"https:\/\/i0.wp.com\/vitacig.eu.com\/wp-content\/uploads\/2020\/08\/vitacig-eu-discover-vitacig-s-edition-xl.jpg?fit=1000%2C631&amp;ssl=1\" class=\"vc_single_image-img attachment-full\" alt=\"\" title=\"vitacig-eu-discover-vitacig-s-edition-xl\" srcset=\"https:\/\/i0.wp.com\/vitacig.eu.com\/wp-content\/uploads\/2020\/08\/vitacig-eu-discover-vitacig-s-edition-xl.jpg?w=1000&amp;ssl=1 1000w, https:\/\/i0.wp.com\/vitacig.eu.com\/wp-content\/uploads\/2020\/08\/vitacig-eu-discover-vitacig-s-edition-xl.jpg?resize=300%2C189&amp;ssl=1 300w, https:\/\/i0.wp.com\/vitacig.eu.com\/wp-content\/uploads\/2020\/08\/vitacig-eu-discover-vitacig-s-edition-xl.jpg?resize=500%2C316&amp;ssl=1 500w, https:\/\/i0.wp.com\/vitacig.eu.com\/wp-content\/uploads\/2020\/08\/vitacig-eu-discover-vitacig-s-edition-xl.jpg?resize=768%2C485&amp;ssl=1 768w\" sizes=\"auto, (max-width: 1000px) 100vw, 1000px\" \/><\/div>\n\t\t<\/figure>\n\t<\/div>\n<\/div><\/div><div class=\"vc_custom_1597738822323 vc_row-o-content-middle row\"><div class=\"col-sm-7 col-lg-7 col-md-12 col-xs-12 vc_custom_1597738429373\">\n\t<div  class=\"wpb_single_image wpb_content_element vc_align_right wpb_content_element\">\n\t\t\n\t\t<figure class=\"wpb_wrapper vc_figure\">\n\t\t\t<div class=\"vc_single_image-wrapper   vc_box_border_grey\"><img loading=\"lazy\" decoding=\"async\" width=\"1000\" height=\"565\" src=\"https:\/\/i0.wp.com\/vitacig.eu.com\/wp-content\/uploads\/2020\/08\/vitacig-eu-how-to-use-vitacig-disposable.jpg?fit=1000%2C565&amp;ssl=1\" class=\"vc_single_image-img attachment-full\" alt=\"\" title=\"vitacig-eu-how-to-use-vitacig-disposable\" srcset=\"https:\/\/i0.wp.com\/vitacig.eu.com\/wp-content\/uploads\/2020\/08\/vitacig-eu-how-to-use-vitacig-disposable.jpg?w=1000&amp;ssl=1 1000w, https:\/\/i0.wp.com\/vitacig.eu.com\/wp-content\/uploads\/2020\/08\/vitacig-eu-how-to-use-vitacig-disposable.jpg?resize=300%2C170&amp;ssl=1 300w, https:\/\/i0.wp.com\/vitacig.eu.com\/wp-content\/uploads\/2020\/08\/vitacig-eu-how-to-use-vitacig-disposable.jpg?resize=500%2C283&amp;ssl=1 500w, https:\/\/i0.wp.com\/vitacig.eu.com\/wp-content\/uploads\/2020\/08\/vitacig-eu-how-to-use-vitacig-disposable.jpg?resize=768%2C434&amp;ssl=1 768w\" sizes=\"auto, (max-width: 1000px) 100vw, 1000px\" \/><\/div>\n\t\t<\/figure>\n\t<\/div>\n<\/div><div class=\"d-flex align-items-center col-sm-5 col-lg-5 col-md-12 col-xs-12 vc_col-has-fill vc_custom_1597738753305\">\n\t<div class=\"wpb_text_column wpb_content_element\" >\n\t\t<div class=\"wpb_wrapper\">\n\t\t\t<h3 class=\"translation-block\">Jak pou\u017e\u00edvat VitaCig<sup>\u00ae<\/sup> Disposable<\/h3>\n<p class=\"par\">Extr\u00e9mn\u011b snadn\u00e1 manipulace! Nen\u00ed t\u0159eba m\u00edchat \u017e\u00e1dn\u00e9 oleje, nab\u00edjet, dopl\u0148ovat ani ma\u010dkat \u017e\u00e1dn\u00e1 tla\u010d\u00edtka. Sta\u010d\u00ed vyjmout obal a za\u010d\u00edt inhalovat. Vdechn\u011bte \u00fasty, ani\u017e by se v\u00e1m nutn\u011b musel dostat do plic, na chv\u00edli se zastavte a vydechn\u011bte nosem. \u017d\u00e1dn\u00fd nikotin. \u017d\u00e1dn\u00e9 starosti.<\/p>\n<p class=\"par\">Nevyhazujte do domovn\u00edho odpadu. Zlikvidujte jej v za\u0159\u00edzen\u00ed pro likvidaci elektroniky.<\/p>\n\n\t\t<\/div>\n\t<\/div>\n<\/div><\/div><\/div><\/div><style type=\"text\/css\" data-type=\"vc_shortcodes-custom-css\">.vc_custom_1597738620731{margin-top: 40px !important;margin-bottom: 40px !important;background-color: #fafafa !important;}.vc_custom_1597738604103{padding-top: 30px !important;padding-bottom: 30px !important;}.vc_custom_1597738822323{padding-top: 30px !important;padding-bottom: 30px !important;}.vc_custom_1597738709327{padding-top: 30px !important;padding-right: 30px !important;padding-bottom: 30px !important;padding-left: 30px !important;background-color: #ffffff !important;}.vc_custom_1597738397223{padding-top: 0px !important;padding-right: 0px !important;padding-bottom: 0px !important;padding-left: 0px !important;}.vc_custom_1597738429373{padding-top: 0px !important;padding-right: 0px !important;padding-bottom: 0px !important;padding-left: 0px !important;}.vc_custom_1597738753305{padding-top: 30px !important;padding-right: 30px !important;padding-bottom: 30px !important;padding-left: 30px !important;background-color: #ffffff !important;}<\/style>\n\n\t\t<\/div>\n\t<\/div>\n<\/div><\/div><\/div><div class=\"vc_row-full-width vc_clearfix\"><\/div><div data-vc-full-width=\"true\" data-vc-full-width-init=\"false\" data-vc-stretch-content=\"true\" class=\"vc_custom_1777149062593\"><div class=\"row\"><div class=\"col-sm-12\"><\/div><\/div><\/div><div class=\"vc_row-full-width vc_clearfix\"><\/div><div class=\"vc_custom_1597758445807\"><div class=\"wrapper\"><div class=\"row\"><div class=\"col-sm-12\">    <div class=\"shortcode_faq shortcode_faq_col_two\">\n              <span class=\"top_circle\" style=\"background: #004765;\"><\/span>\n        <span class=\"center_border\" style=\"background: #004765;\"><\/span>\n        <span class=\"bottom_circle\" style=\"background: #004765;\"><\/span>\n      \n                        <div class=\"shortcode_faq_col\">\n        \n          \n            <div class=\"shortcode_faq_item\">\n              <div class=\"shortcode_faq_item__wrapper\">\n                <div class=\"shortcode_faq_item__question\">\n                  Jak zjist\u00edm, \u017ee byla moje objedn\u00e1vka odesl\u00e1na?                  <div class=\"shortcode_faq_item__arrow\">\n                    <svg version=\"1.1\" xmlns=\"http:\/\/www.w3.org\/2000\/svg\" xmlns:xlink=\"http:\/\/www.w3.org\/1999\/xlink\" x=\"0px\" y=\"0px\" viewbox=\"0 0 1000 1000\" enable-background=\"new 0 0 1000 1000\" xml:space=\"preserve\"><g><path d=\"M876.9,198.5L990,311.5l-490,490l-490-490l113.1-113.1L500,575.4L876.9,198.5z\"\/><\/g><\/svg>\n                  <\/div>\n                <\/div>\n                <div class=\"shortcode_faq_item__answer\">\n                  Po odesl\u00e1n\u00ed objedn\u00e1vky obdr\u017e\u00edte potvrzovac\u00ed e-mail se sledovac\u00edm k\u00f3dem.                <\/div>\n              <\/div>\n            <\/div>\n\n          \n            <div class=\"shortcode_faq_item\">\n              <div class=\"shortcode_faq_item__wrapper\">\n                <div class=\"shortcode_faq_item__question\">\n                  Chci zm\u011bnit svou dodac\u00ed adresu                  <div class=\"shortcode_faq_item__arrow\">\n                    <svg version=\"1.1\" xmlns=\"http:\/\/www.w3.org\/2000\/svg\" xmlns:xlink=\"http:\/\/www.w3.org\/1999\/xlink\" x=\"0px\" y=\"0px\" viewbox=\"0 0 1000 1000\" enable-background=\"new 0 0 1000 1000\" xml:space=\"preserve\"><g><path d=\"M876.9,198.5L990,311.5l-490,490l-490-490l113.1-113.1L500,575.4L876.9,198.5z\"\/><\/g><\/svg>\n                  <\/div>\n                <\/div>\n                <div class=\"shortcode_faq_item__answer\">\n                  <p class=\"par translation-block\">Pokud jste pr\u00e1v\u011b zadali objedn\u00e1vku a chcete zm\u011bnit adresu, pros\u00edm, <a href=\"https:\/\/vitacig.eu.com\/cs\/contact-us\/\" target=\"_self\">kontaktujte n\u00e1s<\/a> co nejd\u0159\u00edve a my v\u00e1m mo\u017en\u00e1 pom\u016f\u017eeme.<\/p>\r\n<p class=\"par\">Kontaktujte n\u00e1s pros\u00edm s \u010d\u00edslem objedn\u00e1vky a novou dodac\u00ed adresou a my se budeme sna\u017eit objedn\u00e1vku p\u0159ed odesl\u00e1n\u00edm zm\u011bnit.<\/p>\r\n<p class=\"par\">Pokud jste ji\u017e obdr\u017eeli e-mailov\u00e9 ozn\u00e1men\u00ed o odesl\u00e1n\u00ed, je bohu\u017eel na zm\u011bnu adresy ji\u017e pozd\u011b. V takov\u00fdch p\u0159\u00edpadech nem\u016f\u017eeme podniknout \u017e\u00e1dn\u00e9 kroky, dokud se n\u00e1m z\u00e1silka nevr\u00e1t\u00ed. Jakmile obdr\u017e\u00edme objedn\u00e1vku zp\u011bt, m\u016f\u017eeme zajistit odesl\u00e1n\u00ed na novou adresu.<\/p>                <\/div>\n              <\/div>\n            <\/div>\n\n                            <\/div>\n                                <div class=\"shortcode_faq_col\">\n        \n          \n            <div class=\"shortcode_faq_item\">\n              <div class=\"shortcode_faq_item__wrapper\">\n                <div class=\"shortcode_faq_item__question\">\n                  Moje polo\u017eka dorazila rozbit\u00e1\/po\u0161kozen\u00e1. Co m\u00e1m d\u011blat?                  <div class=\"shortcode_faq_item__arrow\">\n                    <svg version=\"1.1\" xmlns=\"http:\/\/www.w3.org\/2000\/svg\" xmlns:xlink=\"http:\/\/www.w3.org\/1999\/xlink\" x=\"0px\" y=\"0px\" viewbox=\"0 0 1000 1000\" enable-background=\"new 0 0 1000 1000\" xml:space=\"preserve\"><g><path d=\"M876.9,198.5L990,311.5l-490,490l-490-490l113.1-113.1L500,575.4L876.9,198.5z\"\/><\/g><\/svg>\n                  <\/div>\n                <\/div>\n                <div class=\"shortcode_faq_item__answer translation-block\">Pokud v\u00e1m zbo\u017e\u00ed doraz\u00ed po\u0161kozen\u00e9, neprodlen\u011b n\u00e1s kontaktujte prost\u0159ednictv\u00edm <a href=\"https:\/\/vitacig.eu.com\/cs\/contact-us\/\" target=\"_self\">Str\u00e1nky Kontaktujte n\u00e1s<\/a>. Pokud n\u00e1m do 14 dn\u016f od doru\u010den\u00ed neozn\u00e1m\u00edte, \u017ee je v\u00fdrobek po\u0161kozen\u00fd, nemus\u00edme v\u00e1m b\u00fdt schopni pomoci.<\/div>\n              <\/div>\n            <\/div>\n\n          \n            <div class=\"shortcode_faq_item\">\n              <div class=\"shortcode_faq_item__wrapper\">\n                <div class=\"shortcode_faq_item__question\">\n                  Nab\u00edz\u00edte bezplatnou p\u0159epravu?                  <div class=\"shortcode_faq_item__arrow\">\n                    <svg version=\"1.1\" xmlns=\"http:\/\/www.w3.org\/2000\/svg\" xmlns:xlink=\"http:\/\/www.w3.org\/1999\/xlink\" x=\"0px\" y=\"0px\" viewbox=\"0 0 1000 1000\" enable-background=\"new 0 0 1000 1000\" xml:space=\"preserve\"><g><path d=\"M876.9,198.5L990,311.5l-490,490l-490-490l113.1-113.1L500,575.4L876.9,198.5z\"\/><\/g><\/svg>\n                  <\/div>\n                <\/div>\n                <div class=\"shortcode_faq_item__answer\">\n                  Nab\u00edz\u00edme bezplatnou evropskou doru\u010dovac\u00ed slu\u017ebu na v\u0161echny objedn\u00e1vky nad 100 EUR.                <\/div>\n              <\/div>\n            <\/div>\n\n                            <\/div>\n              \n    <\/div>\n    <\/div><\/div><\/div><\/div><\/div>","protected":false},"excerpt":{"rendered":"VitaCig\u00ae\u00a0SLIM\u00a0delivers a delicate taste of passion fruit, stimulates appetite suppression and a healthy metabolism. VitaCig\u00ae Slim is for those who are trying to lose weight and at the same time maintain a wonderful mood.","protected":false},"featured_media":21428,"template":"","meta":{"_acf_changed":false,"inline_featured_image":false},"product_brand":[],"product_cat":[87],"product_tag":[],"class_list":{"0":"post-14765","1":"product","2":"type-product","3":"status-publish","4":"has-post-thumbnail","6":"product_cat-s-edition","8":"first","9":"outofstock","10":"taxable","11":"shipping-taxable","12":"purchasable","13":"product-type-simple"},"bundled_by":["23319","23184"],"bundle_stock_status":"outofstock","bundle_stock_quantity":null,"bundle_virtual":false,"bundle_layout":"","bundle_add_to_cart_form_location":"","bundle_editable_in_cart":false,"bundle_sold_individually_context":"","bundle_item_grouping":"","bundle_min_size":"","bundle_max_size":"","bundle_price":[],"bundled_items":[],"bundle_sell_ids":[],"acf":[],"_links":{"self":[{"href":"https:\/\/vitacig.eu.com\/cs\/wp-json\/wp\/v2\/product\/14765","targetHints":{"allow":["GET"]}}],"collection":[{"href":"https:\/\/vitacig.eu.com\/cs\/wp-json\/wp\/v2\/product"}],"about":[{"href":"https:\/\/vitacig.eu.com\/cs\/wp-json\/wp\/v2\/types\/product"}],"wp:featuredmedia":[{"embeddable":true,"href":"https:\/\/vitacig.eu.com\/cs\/wp-json\/wp\/v2\/media\/21428"}],"wp:attachment":[{"href":"https:\/\/vitacig.eu.com\/cs\/wp-json\/wp\/v2\/media?parent=14765"}],"wp:term":[{"taxonomy":"product_brand","embeddable":true,"href":"https:\/\/vitacig.eu.com\/cs\/wp-json\/wp\/v2\/product_brand?post=14765"},{"taxonomy":"product_cat","embeddable":true,"href":"https:\/\/vitacig.eu.com\/cs\/wp-json\/wp\/v2\/product_cat?post=14765"},{"taxonomy":"product_tag","embeddable":true,"href":"https:\/\/vitacig.eu.com\/cs\/wp-json\/wp\/v2\/product_tag?post=14765"}],"curies":[{"name":"wp","href":"https:\/\/api.w.org\/{rel}","templated":true}]}}