  {"id":2508,"date":"2016-05-03T20:00:23","date_gmt":"2016-05-03T19:00:23","guid":{"rendered":"https:\/\/vitacig.eu.com\/product\/calm-vitastiks\/"},"modified":"2026-04-20T21:24:25","modified_gmt":"2026-04-20T20:24:25","slug":"vintage-vanilla","status":"publish","type":"product","link":"https:\/\/vitacig.eu.com\/ro\/produs\/vintage-vanilla\/","title":{"rendered":"Vintage Vanilla"},"content":{"rendered":"<div class=\"wpb-content-wrapper\"><div class=\"vc_custom_1777133689976\"><div class=\"wrapper\"><div class=\"row\"><div class=\"col-sm-7\">\n\t<div class=\"wpb_text_column wpb_content_element\" >\n\t\t<div class=\"wpb_wrapper\">\n\t\t\t<p class=\"par\">VitaCig<sup>\u00ae<\/sup>\u00a0<strong>Vintage Vanilla<\/strong>\u00a0Aroma device allows you to forget everyday life for a little bit, bringing calmness and peace with its classic aroma of gentle warm sweet vanilla. Have the perfect treat in the morning, noon, or night with our VitaCig<sup>\u00ae<\/sup>\u00a0Vintage Vanilla Aroma Inhaler.<\/p>\n<p class=\"par\">Breathe in through your mouth without necessarily letting it get into the lungs, and exhale through your nose.<\/p>\n<p class=\"par\">NO NICOTINE &amp; TOBACCO FREE<\/p>\n<p class=\"par\"><strong>Scent:<\/strong>\u00a0Sweet, Warm, Complex<\/p>\n<p class=\"par\"><strong>Attributes:<\/strong>\u00a0Uplifting, Balancing, Comforting<\/p>\n<p class=\"par\"><strong>Ingredients:<\/strong>\u00a0Vitamin A, Vitamin B2, Vitamin B6, Vitamin B12, Valerian Extract, Vanilla Extract, Linalool, MaxVG, Distilled Water.<\/p>\n<p class=\"par\"><strong>How to store:<\/strong>\u00a0We advise to keep your disposable VitaCig Aroma Inhaler out of direct sunlight and away from heat and moisture, because it can significantly affect the battery life and performance.<\/p>\n<p class=\"par\">We also recommend that you always use silicone end caps when you are not using the inhaler. This will prevent fluid evaporation and depletion.<\/p>\n\n\t\t<\/div>\n\t<\/div>\n<div class=\"vc_disclaimer\"><h4>Important<\/h4><p class=\"par\">VitaCig\u00ae aroma inhalers are not to be used as remedies, they are not intended to cure or treat any disease or condition. If you are experiencing any side effects or possible side effects, stop using the product immediately and consult your doctor. You agree to indemnify us for any adverse effects that may arise from improper handling and\/or consumption of this product.<\/p><p class=\"par\">Keep out of reach of children and pets. Avoid VitaCig devices if you suffer from asthma or allergies. Do not use if you are pregnant or breastfeeding.<\/p><\/div><\/div><div class=\"col-sm-5\">    <div class=\"single_product_ingridients\">\n                      <div class=\"single_product_ingridient ingr_sm_4\">\n          <div class=\"single_product_ingridient__top\">\n            <img loading=\"lazy\" decoding=\"async\" width=\"100\" height=\"100\" src=\"https:\/\/i0.wp.com\/vitacig.eu.com\/wp-content\/uploads\/2019\/07\/product-ingredients-vanilla.jpg?fit=100%2C100&amp;ssl=1\" class=\"attachment-full size-full wp-post-image\" alt=\"\" srcset=\"https:\/\/i0.wp.com\/vitacig.eu.com\/wp-content\/uploads\/2019\/07\/product-ingredients-vanilla.jpg?w=100&amp;ssl=1 100w, https:\/\/i0.wp.com\/vitacig.eu.com\/wp-content\/uploads\/2019\/07\/product-ingredients-vanilla.jpg?resize=32%2C32&amp;ssl=1 32w\" sizes=\"auto, (max-width: 100px) 100vw, 100px\" \/>            <div class=\"single_product_ingridient__top_title\">\n              <h3>Vanilla<\/h3>\n\n                              <h4>(Vanilla planifolia)<\/h4>\n                          <\/div>\n          <\/div>\n          <div class=\"single_product_ingridient__content\">\n          Vanilla Essential Oil is distilled from the seed pods of the Vanilla planifolia orchid. It delivers rich, creamy sweet aroma, helps to relieve stress and ease anxiety. It\u2019s enchanting and uplifting property can also bring an aphrodisiac effect.                    <\/div>\n        <\/div>\n                      <div class=\"single_product_ingridient ingr_sm_4\">\n          <div class=\"single_product_ingridient__top\">\n            <img loading=\"lazy\" decoding=\"async\" width=\"100\" height=\"100\" src=\"https:\/\/i0.wp.com\/vitacig.eu.com\/wp-content\/uploads\/2019\/07\/product-ingredients-valerian.jpg?fit=100%2C100&amp;ssl=1\" class=\"attachment-full size-full wp-post-image\" alt=\"\" srcset=\"https:\/\/i0.wp.com\/vitacig.eu.com\/wp-content\/uploads\/2019\/07\/product-ingredients-valerian.jpg?w=100&amp;ssl=1 100w, https:\/\/i0.wp.com\/vitacig.eu.com\/wp-content\/uploads\/2019\/07\/product-ingredients-valerian.jpg?resize=32%2C32&amp;ssl=1 32w\" sizes=\"auto, (max-width: 100px) 100vw, 100px\" \/>            <div class=\"single_product_ingridient__top_title\">\n              <h3>Valerian<\/h3>\n\n                              <h4>(Valeriana officinalis)<\/h4>\n                          <\/div>\n          <\/div>\n          <div class=\"single_product_ingridient__content\">\n          The plant has distinctive leathery leaves and clusters of pink or white flowers. The name valerian is derived from Latin \u201cvalere\u201d, which means \u201cto be well\u201d or \u201cto feel good\u201d. The Valerian Oil can lessen anxiety as well as improve both the quality and duration of sleep, can play a big part in controlling stress levels.                    <\/div>\n        <\/div>\n          <\/div>\n    <\/div><\/div><\/div><\/div><div data-vc-full-width=\"true\" data-vc-full-width-init=\"false\" data-vc-stretch-content=\"true\" class=\"vc_custom_1777133689726\"><div class=\"row\"><div class=\"col-sm-12\">\n\t<div class=\"wpb_text_column wpb_content_element\" >\n\t\t<div class=\"wpb_wrapper\">\n\t\t\t<div id=\"vc_classic_products_after\" class=\"wow fadeIn vc_custom_1597738620731\"><div class=\"wrapper\"><div class=\"vc_custom_1597738604103 vc_row-o-content-middle row\"><div class=\"order-1 order-md-0 d-flex align-items-center col-sm-5 col-lg-5 col-md-12 col-xs-12 vc_col-has-fill vc_custom_1597738709327\">\n\t<div class=\"wpb_text_column wpb_content_element\" >\n\t\t<div class=\"wpb_wrapper\">\n\t\t\t<h3 class=\"translation-block\">Face\u021bi cuno\u0219tin\u021b\u0103 cu VitaCig<sup>\u00ae<\/sup> Classic<\/h3>\n<p class=\"translation-block\">VitaCig<sup>\u00ae<\/sup> Classic Line a fost creat cu dragoste \u0219i grij\u0103. Fiecare VitaCig<sup>\u00ae<\/sup> are un design elegant, rafinat \u0219i colorat, av\u00e2nd un v\u00e2rf de cristal LED de \u00eenalt\u0103 calitate. Concentr\u00e2ndu-se pe produse naturale de calitate superioar\u0103, colec\u021bia VitaCig<sup>\u00ae<\/sup> Classic \u00ee\u0219i propune s\u0103 \u00ee\u021bi ofere pl\u0103cerea deplin\u0103 a fiec\u0103rei inhal\u0103ri. \u0218tiai c\u0103 sim\u021bul mirosului \u0219i percep\u021bia culorilor influen\u021beaz\u0103 \u00een mod surprinz\u0103tor g\u00e2ndurile, emo\u021biile \u0219i st\u0103rile tale? Bucur\u0103-te de spectrul de culori \u0219i descoper\u0103 emo\u021bii noi cu VitaCig<sup>\u00ae<\/sup> Classic.<\/p>\n\n\t\t<\/div>\n\t<\/div>\n<\/div><div class=\"order-0 order-md-1 col-sm-7 col-lg-7 col-md-12 col-xs-12 vc_custom_1597738397223\">\n\t<div  class=\"wpb_single_image wpb_content_element vc_align_right wpb_content_element\">\n\t\t\n\t\t<figure class=\"wpb_wrapper vc_figure\">\n\t\t\t<div class=\"vc_single_image-wrapper   vc_box_border_grey\"><img loading=\"lazy\" decoding=\"async\" width=\"1000\" height=\"593\" src=\"https:\/\/i0.wp.com\/vitacig.eu.com\/wp-content\/uploads\/2020\/08\/vitacig-eu-meet-the-vitacig-classic.jpg?fit=1000%2C593&amp;ssl=1\" class=\"vc_single_image-img attachment-full\" alt=\"\" title=\"vitacig-eu-meet-the-vitacig-classic\" srcset=\"https:\/\/i0.wp.com\/vitacig.eu.com\/wp-content\/uploads\/2020\/08\/vitacig-eu-meet-the-vitacig-classic.jpg?w=1000&amp;ssl=1 1000w, https:\/\/i0.wp.com\/vitacig.eu.com\/wp-content\/uploads\/2020\/08\/vitacig-eu-meet-the-vitacig-classic.jpg?resize=300%2C178&amp;ssl=1 300w, https:\/\/i0.wp.com\/vitacig.eu.com\/wp-content\/uploads\/2020\/08\/vitacig-eu-meet-the-vitacig-classic.jpg?resize=500%2C297&amp;ssl=1 500w, https:\/\/i0.wp.com\/vitacig.eu.com\/wp-content\/uploads\/2020\/08\/vitacig-eu-meet-the-vitacig-classic.jpg?resize=768%2C455&amp;ssl=1 768w\" sizes=\"auto, (max-width: 1000px) 100vw, 1000px\" \/><\/div>\n\t\t<\/figure>\n\t<\/div>\n<\/div><\/div><div class=\"vc_custom_1597738822323 vc_row-o-content-middle row\"><div class=\"col-sm-7 col-lg-7 col-md-12 col-xs-12 vc_custom_1597738429373\">\n\t<div  class=\"wpb_single_image wpb_content_element vc_align_right wpb_content_element\">\n\t\t\n\t\t<figure class=\"wpb_wrapper vc_figure\">\n\t\t\t<div class=\"vc_single_image-wrapper   vc_box_border_grey\"><img loading=\"lazy\" decoding=\"async\" width=\"1000\" height=\"565\" src=\"https:\/\/i0.wp.com\/vitacig.eu.com\/wp-content\/uploads\/2020\/08\/vitacig-eu-how-to-use-vitacig-disposable.jpg?fit=1000%2C565&amp;ssl=1\" class=\"vc_single_image-img attachment-full\" alt=\"\" title=\"vitacig-eu-how-to-use-vitacig-disposable\" srcset=\"https:\/\/i0.wp.com\/vitacig.eu.com\/wp-content\/uploads\/2020\/08\/vitacig-eu-how-to-use-vitacig-disposable.jpg?w=1000&amp;ssl=1 1000w, https:\/\/i0.wp.com\/vitacig.eu.com\/wp-content\/uploads\/2020\/08\/vitacig-eu-how-to-use-vitacig-disposable.jpg?resize=300%2C170&amp;ssl=1 300w, https:\/\/i0.wp.com\/vitacig.eu.com\/wp-content\/uploads\/2020\/08\/vitacig-eu-how-to-use-vitacig-disposable.jpg?resize=500%2C283&amp;ssl=1 500w, https:\/\/i0.wp.com\/vitacig.eu.com\/wp-content\/uploads\/2020\/08\/vitacig-eu-how-to-use-vitacig-disposable.jpg?resize=768%2C434&amp;ssl=1 768w\" sizes=\"auto, (max-width: 1000px) 100vw, 1000px\" \/><\/div>\n\t\t<\/figure>\n\t<\/div>\n<\/div><div class=\"d-flex align-items-center col-sm-5 col-lg-5 col-md-12 col-xs-12 vc_col-has-fill vc_custom_1597738753305\">\n\t<div class=\"wpb_text_column wpb_content_element\" >\n\t\t<div class=\"wpb_wrapper\">\n\t\t\t<h3 class=\"translation-block\">Cum s\u0103 utiliza\u021bi VitaCig<sup>\u00ae<\/sup> de unic\u0103 folosin\u021b\u0103<\/h3>\n<p class=\"par\">Extrem de u\u0219or de manevrat! Nu trebuie s\u0103 amesteca\u021bi uleiuri, nu trebuie s\u0103 \u00eenc\u0103rca\u021bi, s\u0103 re\u00eenc\u0103rca\u021bi sau s\u0103 ap\u0103sa\u021bi niciun buton. Doar scoate\u021bi ambalajul \u0219i \u00eencepe\u021bi s\u0103 inhala\u021bi. Inspira\u021bi pe gur\u0103 f\u0103r\u0103 a l\u0103sa neap\u0103rat s\u0103 ajung\u0103 \u00een pl\u0103m\u00e2ni, face\u021bi o pauz\u0103 pentru un moment \u0219i expira\u021bi pe nas. F\u0103r\u0103 nicotin\u0103. F\u0103r\u0103 griji.<\/p>\n<p class=\"par\">Nu arunca\u021bi la gunoiul menajer. Elimina\u021bi la o instala\u021bie de eliminare a de\u0219eurilor electronice.<\/p>\n\n\t\t<\/div>\n\t<\/div>\n<\/div><\/div><\/div><\/div><style type=\"text\/css\" data-type=\"vc_shortcodes-custom-css\">.vc_custom_1597738620731{margin-top: 40px !important;margin-bottom: 40px !important;background-color: #fafafa !important;}.vc_custom_1597738604103{padding-top: 30px !important;padding-bottom: 30px !important;}.vc_custom_1597738822323{padding-top: 30px !important;padding-bottom: 30px !important;}.vc_custom_1597738709327{padding-top: 30px !important;padding-right: 30px !important;padding-bottom: 30px !important;padding-left: 30px !important;background-color: #ffffff !important;}.vc_custom_1597738397223{padding-top: 0px !important;padding-right: 0px !important;padding-bottom: 0px !important;padding-left: 0px !important;}.vc_custom_1597738429373{padding-top: 0px !important;padding-right: 0px !important;padding-bottom: 0px !important;padding-left: 0px !important;}.vc_custom_1597738753305{padding-top: 30px !important;padding-right: 30px !important;padding-bottom: 30px !important;padding-left: 30px !important;background-color: #ffffff !important;}<\/style>\n\n\t\t<\/div>\n\t<\/div>\n<\/div><\/div><\/div><div class=\"vc_row-full-width vc_clearfix\"><\/div><div data-vc-full-width=\"true\" data-vc-full-width-init=\"false\" data-vc-stretch-content=\"true\" class=\"vc_custom_1777133689821\"><div class=\"row\"><div class=\"col-sm-12\"><\/div><\/div><\/div><div class=\"vc_row-full-width vc_clearfix\"><\/div><div class=\"vc_custom_1597757187139\"><div class=\"wrapper\"><div class=\"row\"><div class=\"col-sm-12\">    <div class=\"shortcode_faq shortcode_faq_col_two\">\n              <span class=\"top_circle\" style=\"background: #004765;\"><\/span>\n        <span class=\"center_border\" style=\"background: #004765;\"><\/span>\n        <span class=\"bottom_circle\" style=\"background: #004765;\"><\/span>\n      \n                        <div class=\"shortcode_faq_col\">\n        \n          \n            <div class=\"shortcode_faq_item\">\n              <div class=\"shortcode_faq_item__wrapper\">\n                <div class=\"shortcode_faq_item__question\">\n                  Cum \u0219tiu dac\u0103 comanda mea a fost expediat\u0103?                  <div class=\"shortcode_faq_item__arrow\">\n                    <svg version=\"1.1\" xmlns=\"http:\/\/www.w3.org\/2000\/svg\" xmlns:xlink=\"http:\/\/www.w3.org\/1999\/xlink\" x=\"0px\" y=\"0px\" viewbox=\"0 0 1000 1000\" enable-background=\"new 0 0 1000 1000\" xml:space=\"preserve\"><g><path d=\"M876.9,198.5L990,311.5l-490,490l-490-490l113.1-113.1L500,575.4L876.9,198.5z\"\/><\/g><\/svg>\n                  <\/div>\n                <\/div>\n                <div class=\"shortcode_faq_item__answer\">\n                  Odat\u0103 ce comanda dvs. a fost expediat\u0103, ve\u021bi primi un e-mail de confirmare cu un cod de urm\u0103rire.                <\/div>\n              <\/div>\n            <\/div>\n\n          \n            <div class=\"shortcode_faq_item\">\n              <div class=\"shortcode_faq_item__wrapper\">\n                <div class=\"shortcode_faq_item__question\">\n                  Vreau s\u0103 \u00eemi schimb adresa de expediere                  <div class=\"shortcode_faq_item__arrow\">\n                    <svg version=\"1.1\" xmlns=\"http:\/\/www.w3.org\/2000\/svg\" xmlns:xlink=\"http:\/\/www.w3.org\/1999\/xlink\" x=\"0px\" y=\"0px\" viewbox=\"0 0 1000 1000\" enable-background=\"new 0 0 1000 1000\" xml:space=\"preserve\"><g><path d=\"M876.9,198.5L990,311.5l-490,490l-490-490l113.1-113.1L500,575.4L876.9,198.5z\"\/><\/g><\/svg>\n                  <\/div>\n                <\/div>\n                <div class=\"shortcode_faq_item__answer\">\n                  <p class=\"par translation-block\">Dac\u0103 tocmai a\u021bi plasat o comand\u0103 \u0219i dori\u021bi s\u0103 schimba\u021bi adresa, v\u0103 rug\u0103m s\u0103 <a href=\"https:\/\/vitacig.eu.com\/ro\/contact-us\/\" target=\"_self\">contacta\u021bi-ne<\/a> c\u00e2t mai cur\u00e2nd posibil \u0219i este posibil s\u0103 v\u0103 putem ajuta.<\/p>\r\n<p class=\"par\">V\u0103 rug\u0103m s\u0103 ne contacta\u021bi cu num\u0103rul comenzii \u0219i noua adres\u0103 de expediere \u0219i vom face tot posibilul s\u0103 modific\u0103m comanda \u00eenainte ca aceasta s\u0103 fie expediat\u0103.<\/p>\r\n<p class=\"par\">Dac\u0103 a\u021bi primit deja un e-mail de notificare a expedierii, din p\u0103cate este prea t\u00e2rziu pentru a face modific\u0103ri la adresa dvs. \u00cen astfel de cazuri, nu putem lua nicio m\u0103sur\u0103 p\u00e2n\u0103 c\u00e2nd pachetul nu ne este returnat. Odat\u0103 ce primim comanda \u00eenapoi, putem aranja expedierea la o nou\u0103 adres\u0103.<\/p>                <\/div>\n              <\/div>\n            <\/div>\n\n                            <\/div>\n                                <div class=\"shortcode_faq_col\">\n        \n          \n            <div class=\"shortcode_faq_item\">\n              <div class=\"shortcode_faq_item__wrapper\">\n                <div class=\"shortcode_faq_item__question\">\n                  Articolul meu a sosit spart\/deteriorat. Ce trebuie s\u0103 fac?                  <div class=\"shortcode_faq_item__arrow\">\n                    <svg version=\"1.1\" xmlns=\"http:\/\/www.w3.org\/2000\/svg\" xmlns:xlink=\"http:\/\/www.w3.org\/1999\/xlink\" x=\"0px\" y=\"0px\" viewbox=\"0 0 1000 1000\" enable-background=\"new 0 0 1000 1000\" xml:space=\"preserve\"><g><path d=\"M876.9,198.5L990,311.5l-490,490l-490-490l113.1-113.1L500,575.4L876.9,198.5z\"\/><\/g><\/svg>\n                  <\/div>\n                <\/div>\n                <div class=\"shortcode_faq_item__answer translation-block\">V\u0103 rug\u0103m s\u0103 ne contacta\u021bi imediat prin intermediul paginii <a href=\"https:\/\/vitacig.eu.com\/ro\/contact-us\/\" target=\"_self\">Contact Us<\/a> \u00een cazul \u00een care articolele ajung la dumneavoastr\u0103 deteriorate. Dac\u0103 nu suntem notifica\u021bi \u00een termen de 14 zile de la sosire c\u0103 un produs este deteriorat, este posibil s\u0103 nu v\u0103 putem ajuta.<\/div>\n              <\/div>\n            <\/div>\n\n          \n            <div class=\"shortcode_faq_item\">\n              <div class=\"shortcode_faq_item__wrapper\">\n                <div class=\"shortcode_faq_item__question\">\n                  Oferi\u021bi un serviciu de transport gratuit?                  <div class=\"shortcode_faq_item__arrow\">\n                    <svg version=\"1.1\" xmlns=\"http:\/\/www.w3.org\/2000\/svg\" xmlns:xlink=\"http:\/\/www.w3.org\/1999\/xlink\" x=\"0px\" y=\"0px\" viewbox=\"0 0 1000 1000\" enable-background=\"new 0 0 1000 1000\" xml:space=\"preserve\"><g><path d=\"M876.9,198.5L990,311.5l-490,490l-490-490l113.1-113.1L500,575.4L876.9,198.5z\"\/><\/g><\/svg>\n                  <\/div>\n                <\/div>\n                <div class=\"shortcode_faq_item__answer\">\n                  Oferim un serviciu gratuit de livrare \u00een Europa pentru toate comenzile de peste 100 \u20ac.                <\/div>\n              <\/div>\n            <\/div>\n\n                            <\/div>\n              \n    <\/div>\n    <\/div><\/div><\/div><\/div><\/div>","protected":false},"excerpt":{"rendered":"VitaCig\u00ae Vintage Vanilla allows you to forget everyday life for a little bit, bringing calmness and peace with its classic aroma of Pure Vanilla and subtle taste of Matcha Green Tea. Have the perfect treat in the morning, noon, or night with VitaCig\u00ae Vintage Vanilla.","protected":false},"featured_media":21410,"template":"","meta":{"_acf_changed":false,"inline_featured_image":false},"product_brand":[],"product_cat":[99],"product_tag":[],"class_list":{"0":"post-2508","1":"product","2":"type-product","3":"status-publish","4":"has-post-thumbnail","6":"product_cat-classic-edition","8":"first","9":"instock","10":"taxable","11":"shipping-taxable","12":"purchasable","13":"product-type-simple"},"bundled_by":["23319","23184"],"bundle_stock_status":"instock","bundle_stock_quantity":13,"bundle_virtual":false,"bundle_layout":"","bundle_add_to_cart_form_location":"","bundle_editable_in_cart":false,"bundle_sold_individually_context":"","bundle_item_grouping":"","bundle_min_size":"","bundle_max_size":"","bundle_price":[],"bundled_items":[],"bundle_sell_ids":[],"acf":[],"_links":{"self":[{"href":"https:\/\/vitacig.eu.com\/ro\/wp-json\/wp\/v2\/product\/2508","targetHints":{"allow":["GET"]}}],"collection":[{"href":"https:\/\/vitacig.eu.com\/ro\/wp-json\/wp\/v2\/product"}],"about":[{"href":"https:\/\/vitacig.eu.com\/ro\/wp-json\/wp\/v2\/types\/product"}],"wp:featuredmedia":[{"embeddable":true,"href":"https:\/\/vitacig.eu.com\/ro\/wp-json\/wp\/v2\/media\/21410"}],"wp:attachment":[{"href":"https:\/\/vitacig.eu.com\/ro\/wp-json\/wp\/v2\/media?parent=2508"}],"wp:term":[{"taxonomy":"product_brand","embeddable":true,"href":"https:\/\/vitacig.eu.com\/ro\/wp-json\/wp\/v2\/product_brand?post=2508"},{"taxonomy":"product_cat","embeddable":true,"href":"https:\/\/vitacig.eu.com\/ro\/wp-json\/wp\/v2\/product_cat?post=2508"},{"taxonomy":"product_tag","embeddable":true,"href":"https:\/\/vitacig.eu.com\/ro\/wp-json\/wp\/v2\/product_tag?post=2508"}],"curies":[{"name":"wp","href":"https:\/\/api.w.org\/{rel}","templated":true}]}}