  {"id":2510,"date":"2016-05-03T22:00:16","date_gmt":"2016-05-03T21:00:16","guid":{"rendered":"https:\/\/vitacig.eu.com\/product\/refresh-vitastiks-2\/"},"modified":"2026-04-21T20:28:08","modified_gmt":"2026-04-21T19:28:08","slug":"marvelous-mint","status":"publish","type":"product","link":"https:\/\/vitacig.eu.com\/sk\/produkt\/marvelous-mint\/","title":{"rendered":"Marvelous Mint"},"content":{"rendered":"<div class=\"wpb-content-wrapper\"><div class=\"vc_custom_1777133784759\"><div class=\"wrapper\"><div class=\"row\"><div class=\"col-sm-7\">\n\t<div class=\"wpb_text_column wpb_content_element\" >\n\t\t<div class=\"wpb_wrapper\">\n\t\t\t<p class=\"par\">VitaCig<sup>\u00ae<\/sup>\u00a0<strong>Marvelous Mint<\/strong>\u00a0Aroma Inhaler brings you a long-lasting fresh feeling with Mint flavour. Marvelous Mint Aroma Pen helps revitalise the senses, pleasantly refreshes your breath and leaves some sweetness on the lips.<\/p>\n<p class=\"par\">Breathe in through your mouth without necessarily letting it get into the lungs, and exhale through your nose.<\/p>\n<p class=\"par\">NO NICOTINE &amp; TOBACCO FREE<\/p>\n<p class=\"par\"><strong>Scent<\/strong>: Fresh, Minty, Cool, Bright<\/p>\n<p class=\"par\"><strong>Attributes<\/strong>: Tonic, Refreshing, Restorative<\/p>\n<p class=\"par\"><strong>Ingredients:<\/strong>\u00a0Vitamin A, Vitamin B2, Vitamin B6, Vitamin B12, Linalool, Menthol, Peppermint Oil, Mint Oil, MaxVG, Distilled Water.<\/p>\n<p class=\"par\"><strong>How to store:<\/strong>\u00a0We advise to keep your disposable VitaCig Aroma Inhaler out of direct sunlight and away from heat and moisture, because it can significantly affect the battery life and performance.<\/p>\n<p class=\"par\">We also recommend that you always use silicone end caps when you are not using the inhaler. This will prevent fluid evaporation and depletion.<\/p>\n\n\t\t<\/div>\n\t<\/div>\n<div class=\"vc_disclaimer\"><h4>Important<\/h4><p class=\"par\">VitaCig\u00ae aroma inhalers are not to be used as remedies, they are not intended to cure or treat any disease or condition. If you are experiencing any side effects or possible side effects, stop using the product immediately and consult your doctor. You agree to indemnify us for any adverse effects that may arise from improper handling and\/or consumption of this product.<\/p><p class=\"par\">Keep out of reach of children and pets. Avoid VitaCig devices if you suffer from asthma or allergies. Do not use if you are pregnant or breastfeeding.<\/p><\/div><\/div><div class=\"col-sm-5\">    <div class=\"single_product_ingridients\">\n                      <div class=\"single_product_ingridient ingr_sm_4\">\n          <div class=\"single_product_ingridient__top\">\n            <img loading=\"lazy\" decoding=\"async\" width=\"100\" height=\"100\" src=\"https:\/\/i0.wp.com\/vitacig.eu.com\/wp-content\/uploads\/2019\/07\/product-ingredients-mint.jpg?fit=100%2C100&amp;ssl=1\" class=\"attachment-full size-full wp-post-image\" alt=\"\" srcset=\"https:\/\/i0.wp.com\/vitacig.eu.com\/wp-content\/uploads\/2019\/07\/product-ingredients-mint.jpg?w=100&amp;ssl=1 100w, https:\/\/i0.wp.com\/vitacig.eu.com\/wp-content\/uploads\/2019\/07\/product-ingredients-mint.jpg?resize=32%2C32&amp;ssl=1 32w\" sizes=\"auto, (max-width: 100px) 100vw, 100px\" \/>            <div class=\"single_product_ingridient__top_title\">\n              <h3>Spearmint<\/h3>\n\n                              <h4>(Mentha spicata)<\/h4>\n                          <\/div>\n          <\/div>\n          <div class=\"single_product_ingridient__content\">\n          Spearmint Oil is similar to peppermint oil. It has a pleasant minty aroma and refreshing characteristics like peppermint. However, in contrast to peppermint, the cooling after-effect is absent in spearmint. The fresh scent of Spearmint Oil can help revitalize you when you are feeling stressed, tired or nervous.                    <\/div>\n        <\/div>\n                      <div class=\"single_product_ingridient ingr_sm_4\">\n          <div class=\"single_product_ingridient__top\">\n            <img loading=\"lazy\" decoding=\"async\" width=\"100\" height=\"100\" src=\"https:\/\/i0.wp.com\/vitacig.eu.com\/wp-content\/uploads\/2019\/07\/product-ingredients-mint.jpg?fit=100%2C100&amp;ssl=1\" class=\"attachment-full size-full wp-post-image\" alt=\"\" srcset=\"https:\/\/i0.wp.com\/vitacig.eu.com\/wp-content\/uploads\/2019\/07\/product-ingredients-mint.jpg?w=100&amp;ssl=1 100w, https:\/\/i0.wp.com\/vitacig.eu.com\/wp-content\/uploads\/2019\/07\/product-ingredients-mint.jpg?resize=32%2C32&amp;ssl=1 32w\" sizes=\"auto, (max-width: 100px) 100vw, 100px\" \/>            <div class=\"single_product_ingridient__top_title\">\n              <h3>Peppermint<\/h3>\n\n                              <h4>(Mentha piperita)<\/h4>\n                          <\/div>\n          <\/div>\n          <div class=\"single_product_ingridient__content\">\n          This herb is a hybrid of Water Mint (Mentha aquatica) and Spearmint (Mentha spicata). The Peppermint essential oil is extracted from the flowering herb, has a refreshing, herby, strongly menthol aroma with a sweet-smelling undertone. Peppermint oil can be used for an invigorating energy boost.                    <\/div>\n        <\/div>\n          <\/div>\n    <\/div><\/div><\/div><\/div><div data-vc-full-width=\"true\" data-vc-full-width-init=\"false\" data-vc-stretch-content=\"true\" class=\"vc_custom_1777133784570\"><div class=\"row\"><div class=\"col-sm-12\">\n\t<div class=\"wpb_text_column wpb_content_element\" >\n\t\t<div class=\"wpb_wrapper\">\n\t\t\t<div id=\"vc_classic_products_after\" class=\"wow fadeIn vc_custom_1597738620731\"><div class=\"wrapper\"><div class=\"vc_custom_1597738604103 vc_row-o-content-middle row\"><div class=\"order-1 order-md-0 d-flex align-items-center col-sm-5 col-lg-5 col-md-12 col-xs-12 vc_col-has-fill vc_custom_1597738709327\">\n\t<div class=\"wpb_text_column wpb_content_element\" >\n\t\t<div class=\"wpb_wrapper\">\n\t\t\t<h3 class=\"translation-block\">Zozn\u00e1mte sa so zariaden\u00edm VitaCig<sup>\u00ae<\/sup> Classic<\/h3>\n<p class=\"translation-block\">VitaCig<sup>\u00ae<\/sup> Classic Line bol vytvoren\u00fd s l\u00e1skou a starostlivos\u0165ou. Ka\u017ed\u00fd VitaCig<sup>\u00ae<\/sup> m\u00e1 \u0161t\u00fdlov\u00fd, elegantn\u00fd a farebn\u00fd dizajn s luxusn\u00fdm LED kry\u0161t\u00e1lov\u00fdm n\u00e1ustkom. So zameran\u00edm na vysoko kvalitn\u00e9 pr\u00edrodn\u00e9 produkty si kolekcia VitaCig<sup>\u00ae<\/sup> Classic kladie za cie\u013e, aby ste si plne vychutnali ka\u017ed\u00fd jeden n\u00e1dych. Vedeli ste, \u017ee \u010duch a vn\u00edmanie farieb prekvapivo ovplyv\u0148uj\u00fa va\u0161e my\u0161lienky, em\u00f3cie a n\u00e1lady? Vychutnajte si farebn\u00e9 spektrum a objavujte nov\u00e9 em\u00f3cie s VitaCig<sup>\u00ae<\/sup> Classic.<\/p>\n\n\t\t<\/div>\n\t<\/div>\n<\/div><div class=\"order-0 order-md-1 col-sm-7 col-lg-7 col-md-12 col-xs-12 vc_custom_1597738397223\">\n\t<div  class=\"wpb_single_image wpb_content_element vc_align_right wpb_content_element\">\n\t\t\n\t\t<figure class=\"wpb_wrapper vc_figure\">\n\t\t\t<div class=\"vc_single_image-wrapper   vc_box_border_grey\"><img loading=\"lazy\" decoding=\"async\" width=\"1000\" height=\"593\" src=\"https:\/\/i0.wp.com\/vitacig.eu.com\/wp-content\/uploads\/2020\/08\/vitacig-eu-meet-the-vitacig-classic.jpg?fit=1000%2C593&amp;ssl=1\" class=\"vc_single_image-img attachment-full\" alt=\"\" title=\"vitacig-eu-meet-the-vitacig-classic\" srcset=\"https:\/\/i0.wp.com\/vitacig.eu.com\/wp-content\/uploads\/2020\/08\/vitacig-eu-meet-the-vitacig-classic.jpg?w=1000&amp;ssl=1 1000w, https:\/\/i0.wp.com\/vitacig.eu.com\/wp-content\/uploads\/2020\/08\/vitacig-eu-meet-the-vitacig-classic.jpg?resize=300%2C178&amp;ssl=1 300w, https:\/\/i0.wp.com\/vitacig.eu.com\/wp-content\/uploads\/2020\/08\/vitacig-eu-meet-the-vitacig-classic.jpg?resize=500%2C297&amp;ssl=1 500w, https:\/\/i0.wp.com\/vitacig.eu.com\/wp-content\/uploads\/2020\/08\/vitacig-eu-meet-the-vitacig-classic.jpg?resize=768%2C455&amp;ssl=1 768w\" sizes=\"auto, (max-width: 1000px) 100vw, 1000px\" \/><\/div>\n\t\t<\/figure>\n\t<\/div>\n<\/div><\/div><div class=\"vc_custom_1597738822323 vc_row-o-content-middle row\"><div class=\"col-sm-7 col-lg-7 col-md-12 col-xs-12 vc_custom_1597738429373\">\n\t<div  class=\"wpb_single_image wpb_content_element vc_align_right wpb_content_element\">\n\t\t\n\t\t<figure class=\"wpb_wrapper vc_figure\">\n\t\t\t<div class=\"vc_single_image-wrapper   vc_box_border_grey\"><img loading=\"lazy\" decoding=\"async\" width=\"1000\" height=\"565\" src=\"https:\/\/i0.wp.com\/vitacig.eu.com\/wp-content\/uploads\/2020\/08\/vitacig-eu-how-to-use-vitacig-disposable.jpg?fit=1000%2C565&amp;ssl=1\" class=\"vc_single_image-img attachment-full\" alt=\"\" title=\"vitacig-eu-how-to-use-vitacig-disposable\" srcset=\"https:\/\/i0.wp.com\/vitacig.eu.com\/wp-content\/uploads\/2020\/08\/vitacig-eu-how-to-use-vitacig-disposable.jpg?w=1000&amp;ssl=1 1000w, https:\/\/i0.wp.com\/vitacig.eu.com\/wp-content\/uploads\/2020\/08\/vitacig-eu-how-to-use-vitacig-disposable.jpg?resize=300%2C170&amp;ssl=1 300w, https:\/\/i0.wp.com\/vitacig.eu.com\/wp-content\/uploads\/2020\/08\/vitacig-eu-how-to-use-vitacig-disposable.jpg?resize=500%2C283&amp;ssl=1 500w, https:\/\/i0.wp.com\/vitacig.eu.com\/wp-content\/uploads\/2020\/08\/vitacig-eu-how-to-use-vitacig-disposable.jpg?resize=768%2C434&amp;ssl=1 768w\" sizes=\"auto, (max-width: 1000px) 100vw, 1000px\" \/><\/div>\n\t\t<\/figure>\n\t<\/div>\n<\/div><div class=\"d-flex align-items-center col-sm-5 col-lg-5 col-md-12 col-xs-12 vc_col-has-fill vc_custom_1597738753305\">\n\t<div class=\"wpb_text_column wpb_content_element\" >\n\t\t<div class=\"wpb_wrapper\">\n\t\t\t<h3 class=\"translation-block\">Ako pou\u017e\u00edva\u0165 VitaCig<sup>\u00ae<\/sup> Disposable<\/h3>\n<p class=\"par\">Mimoriadne jednoduch\u00e1 manipul\u00e1cia! Nie je potrebn\u00e9 mie\u0161a\u0165 \u017eiadne oleje, nab\u00edja\u0165, dop\u013a\u0148a\u0165 ani stl\u00e1\u010da\u0165 \u017eiadne tla\u010didl\u00e1. Sta\u010d\u00ed vybra\u0165 obal a za\u010da\u0165 inhalova\u0165. Vdychujte \u00fastami bez toho, aby ste ho nevyhnutne pustili do p\u013e\u00fac, na chv\u00ed\u013eu sa zastavte a vydychujte nosom. \u017diadny nikot\u00edn. \u017diadne starosti.<\/p>\n<p class=\"par\">Nevyhadzujte do domov\u00e9ho odpadu. Zlikvidujte ho v zariaden\u00ed na likvid\u00e1ciu elektroniky.<\/p>\n\n\t\t<\/div>\n\t<\/div>\n<\/div><\/div><\/div><\/div><style type=\"text\/css\" data-type=\"vc_shortcodes-custom-css\">.vc_custom_1597738620731{margin-top: 40px !important;margin-bottom: 40px !important;background-color: #fafafa !important;}.vc_custom_1597738604103{padding-top: 30px !important;padding-bottom: 30px !important;}.vc_custom_1597738822323{padding-top: 30px !important;padding-bottom: 30px !important;}.vc_custom_1597738709327{padding-top: 30px !important;padding-right: 30px !important;padding-bottom: 30px !important;padding-left: 30px !important;background-color: #ffffff !important;}.vc_custom_1597738397223{padding-top: 0px !important;padding-right: 0px !important;padding-bottom: 0px !important;padding-left: 0px !important;}.vc_custom_1597738429373{padding-top: 0px !important;padding-right: 0px !important;padding-bottom: 0px !important;padding-left: 0px !important;}.vc_custom_1597738753305{padding-top: 30px !important;padding-right: 30px !important;padding-bottom: 30px !important;padding-left: 30px !important;background-color: #ffffff !important;}<\/style>\n\n\t\t<\/div>\n\t<\/div>\n<\/div><\/div><\/div><div class=\"vc_row-full-width vc_clearfix\"><\/div><div data-vc-full-width=\"true\" data-vc-full-width-init=\"false\" data-vc-stretch-content=\"true\" class=\"vc_custom_1777133784840\"><div class=\"row\"><div class=\"col-sm-12\"><\/div><\/div><\/div><div class=\"vc_row-full-width vc_clearfix\"><\/div><div class=\"vc_custom_1597756833595\"><div class=\"wrapper\"><div class=\"row\"><div class=\"col-sm-12\">    <div class=\"shortcode_faq shortcode_faq_col_two\">\n              <span class=\"top_circle\" style=\"background: #004765;\"><\/span>\n        <span class=\"center_border\" style=\"background: #004765;\"><\/span>\n        <span class=\"bottom_circle\" style=\"background: #004765;\"><\/span>\n      \n                        <div class=\"shortcode_faq_col\">\n        \n          \n            <div class=\"shortcode_faq_item\">\n              <div class=\"shortcode_faq_item__wrapper\">\n                <div class=\"shortcode_faq_item__question\">\n                  Ako zist\u00edm, \u017ee moja objedn\u00e1vka bola odoslan\u00e1?                  <div class=\"shortcode_faq_item__arrow\">\n                    <svg version=\"1.1\" xmlns=\"http:\/\/www.w3.org\/2000\/svg\" xmlns:xlink=\"http:\/\/www.w3.org\/1999\/xlink\" x=\"0px\" y=\"0px\" viewbox=\"0 0 1000 1000\" enable-background=\"new 0 0 1000 1000\" xml:space=\"preserve\"><g><path d=\"M876.9,198.5L990,311.5l-490,490l-490-490l113.1-113.1L500,575.4L876.9,198.5z\"\/><\/g><\/svg>\n                  <\/div>\n                <\/div>\n                <div class=\"shortcode_faq_item__answer\">\n                  Po odoslan\u00ed objedn\u00e1vky dostanete potvrdzuj\u00faci e-mail s k\u00f3dom na sledovanie.                <\/div>\n              <\/div>\n            <\/div>\n\n          \n            <div class=\"shortcode_faq_item\">\n              <div class=\"shortcode_faq_item__wrapper\">\n                <div class=\"shortcode_faq_item__question\">\n                  Chcem zmeni\u0165 svoju dodaciu adresu                  <div class=\"shortcode_faq_item__arrow\">\n                    <svg version=\"1.1\" xmlns=\"http:\/\/www.w3.org\/2000\/svg\" xmlns:xlink=\"http:\/\/www.w3.org\/1999\/xlink\" x=\"0px\" y=\"0px\" viewbox=\"0 0 1000 1000\" enable-background=\"new 0 0 1000 1000\" xml:space=\"preserve\"><g><path d=\"M876.9,198.5L990,311.5l-490,490l-490-490l113.1-113.1L500,575.4L876.9,198.5z\"\/><\/g><\/svg>\n                  <\/div>\n                <\/div>\n                <div class=\"shortcode_faq_item__answer\">\n                  <p class=\"par translation-block\">Ak ste pr\u00e1ve zadali objedn\u00e1vku a chcete zmeni\u0165 adresu, pros\u00edm, <a href=\"https:\/\/vitacig.eu.com\/sk\/contact-us\/\" target=\"_self\">kontaktujte n\u00e1s<\/a> \u010do najsk\u00f4r a my v\u00e1m budeme m\u00f4c\u0165 pom\u00f4c\u0165.<\/p>\r\n<p class=\"par\">Kontaktujte n\u00e1s, pros\u00edm, s \u010d\u00edslom objedn\u00e1vky a novou dodacou adresou a my urob\u00edme v\u0161etko pre to, aby sme objedn\u00e1vku zmenili e\u0161te pred jej odoslan\u00edm.<\/p>\r\n<p class=\"par\">Ak ste u\u017e dostali e-mailov\u00e9 ozn\u00e1menie o odoslan\u00ed, je u\u017e, \u017eia\u013e, neskoro na zmenu adresy. V tak\u00fdchto pr\u00edpadoch nem\u00f4\u017eeme podnikn\u00fa\u0165 \u017eiadne kroky, k\u00fdm sa n\u00e1m bal\u00edk nevr\u00e1ti. Po prijat\u00ed objedn\u00e1vky sp\u00e4\u0165 m\u00f4\u017eeme zabezpe\u010di\u0165 odoslanie na nov\u00fa adresu.<\/p>                <\/div>\n              <\/div>\n            <\/div>\n\n                            <\/div>\n                                <div class=\"shortcode_faq_col\">\n        \n          \n            <div class=\"shortcode_faq_item\">\n              <div class=\"shortcode_faq_item__wrapper\">\n                <div class=\"shortcode_faq_item__question\">\n                  M\u00f4j tovar pri\u0161iel rozbit\u00fd\/po\u0161koden\u00fd. \u010co m\u00e1m robi\u0165?                  <div class=\"shortcode_faq_item__arrow\">\n                    <svg version=\"1.1\" xmlns=\"http:\/\/www.w3.org\/2000\/svg\" xmlns:xlink=\"http:\/\/www.w3.org\/1999\/xlink\" x=\"0px\" y=\"0px\" viewbox=\"0 0 1000 1000\" enable-background=\"new 0 0 1000 1000\" xml:space=\"preserve\"><g><path d=\"M876.9,198.5L990,311.5l-490,490l-490-490l113.1-113.1L500,575.4L876.9,198.5z\"\/><\/g><\/svg>\n                  <\/div>\n                <\/div>\n                <div class=\"shortcode_faq_item__answer translation-block\">Ak v\u00e1m tovar pr\u00edde po\u0161koden\u00fd, okam\u017eite n\u00e1s kontaktujte prostredn\u00edctvom str\u00e1nky <a href=\"https:\/\/vitacig.eu.com\/sk\/contact-us\/\" target=\"_self\">Kontakt<\/a>. Ak n\u00e1m do 14 dn\u00ed od doru\u010denia neozn\u00e1mite, \u017ee v\u00fdrobok je po\u0161koden\u00fd, nemus\u00edme v\u00e1m by\u0165 schopn\u00ed pom\u00f4c\u0165.<\/div>\n              <\/div>\n            <\/div>\n\n          \n            <div class=\"shortcode_faq_item\">\n              <div class=\"shortcode_faq_item__wrapper\">\n                <div class=\"shortcode_faq_item__question\">\n                  Poskytujete slu\u017ebu bezplatnej prepravy?                  <div class=\"shortcode_faq_item__arrow\">\n                    <svg version=\"1.1\" xmlns=\"http:\/\/www.w3.org\/2000\/svg\" xmlns:xlink=\"http:\/\/www.w3.org\/1999\/xlink\" x=\"0px\" y=\"0px\" viewbox=\"0 0 1000 1000\" enable-background=\"new 0 0 1000 1000\" xml:space=\"preserve\"><g><path d=\"M876.9,198.5L990,311.5l-490,490l-490-490l113.1-113.1L500,575.4L876.9,198.5z\"\/><\/g><\/svg>\n                  <\/div>\n                <\/div>\n                <div class=\"shortcode_faq_item__answer\">\n                  Pon\u00fakame bezplatn\u00fa eur\u00f3psku doru\u010dovaciu slu\u017ebu na v\u0161etky objedn\u00e1vky nad 100 EUR.                <\/div>\n              <\/div>\n            <\/div>\n\n                            <\/div>\n              \n    <\/div>\n    <\/div><\/div><\/div><\/div><\/div>","protected":false},"excerpt":{"rendered":"VitaCig\u00ae Marvelous Mint brings you a long-lasting fresh feeling with Mint and Eucalyptus flavor, helps revitalize the senses, pleasantly refreshes your breath and leaves some sweetness on the lips.","protected":false},"featured_media":21408,"template":"","meta":{"_acf_changed":false,"inline_featured_image":false},"product_brand":[],"product_cat":[99],"product_tag":[],"class_list":{"0":"post-2510","1":"product","2":"type-product","3":"status-publish","4":"has-post-thumbnail","6":"product_cat-classic-edition","8":"first","9":"instock","10":"taxable","11":"shipping-taxable","12":"purchasable","13":"product-type-simple"},"bundled_by":["23319","23184"],"bundle_stock_status":"instock","bundle_stock_quantity":28,"bundle_virtual":false,"bundle_layout":"","bundle_add_to_cart_form_location":"","bundle_editable_in_cart":false,"bundle_sold_individually_context":"","bundle_item_grouping":"","bundle_min_size":"","bundle_max_size":"","bundle_price":[],"bundled_items":[],"bundle_sell_ids":[],"acf":[],"_links":{"self":[{"href":"https:\/\/vitacig.eu.com\/sk\/wp-json\/wp\/v2\/product\/2510","targetHints":{"allow":["GET"]}}],"collection":[{"href":"https:\/\/vitacig.eu.com\/sk\/wp-json\/wp\/v2\/product"}],"about":[{"href":"https:\/\/vitacig.eu.com\/sk\/wp-json\/wp\/v2\/types\/product"}],"wp:featuredmedia":[{"embeddable":true,"href":"https:\/\/vitacig.eu.com\/sk\/wp-json\/wp\/v2\/media\/21408"}],"wp:attachment":[{"href":"https:\/\/vitacig.eu.com\/sk\/wp-json\/wp\/v2\/media?parent=2510"}],"wp:term":[{"taxonomy":"product_brand","embeddable":true,"href":"https:\/\/vitacig.eu.com\/sk\/wp-json\/wp\/v2\/product_brand?post=2510"},{"taxonomy":"product_cat","embeddable":true,"href":"https:\/\/vitacig.eu.com\/sk\/wp-json\/wp\/v2\/product_cat?post=2510"},{"taxonomy":"product_tag","embeddable":true,"href":"https:\/\/vitacig.eu.com\/sk\/wp-json\/wp\/v2\/product_tag?post=2510"}],"curies":[{"name":"wp","href":"https:\/\/api.w.org\/{rel}","templated":true}]}}